{"id":3714,"date":"2022-08-24T10:07:55","date_gmt":"2022-08-24T02:07:55","guid":{"rendered":"https:\/\/limegreen-okapi-448594.hostingersite.com\/?post_type=product&#038;p=3714"},"modified":"2022-09-05T11:58:32","modified_gmt":"2022-09-05T03:58:32","slug":"jdts-insulation-jacket-control-valve","status":"publish","type":"product","link":"https:\/\/raymonvalve.com\/pt\/produto\/jdts-insulation-jacket-control-valve\/","title":{"rendered":"JDTS Insulation Jacket Control Valve"},"content":{"rendered":"<p>The thermal insulation jacket valve has the same performance as ordinary valves and is mainly used in thermal insulation occasions. When the resultant temperature of the process medium is lower than the ambient temperature or the temperature of the fluid decreases, resulting in an increase in viscosity or a suspected solidification of the fluid, a thermal insulation jacket device is added at the valve body and the upper cover of the regulating valve to make the process proceed as required.<\/p>\n<p>Dados t\u00e9cnicos:<\/p>\n<p>-DN:40-400 -Press\u00e3o:PN16-110<br \/>\nClasse ANSI 150-600<br \/>\n&#8211; Connection standard: GB, DIN, ANSI, JIS, etc. &#8211; Temperature: 0~+200\u2103 &#8211; Cv range: 20-3200<br \/>\n\u2013 Caracter\u00edsticas de fluxo: Porcentagem igual, linear \u2013 Vazamento: Classes V, V e V<\/p>\n<p>Material:<\/p>\n<p>\u2013 Corpo: a\u00e7o carbono, a\u00e7o inoxid\u00e1vel, a\u00e7o liga especial \u2013 Internos: a\u00e7o inoxid\u00e1vel, a\u00e7o inoxid\u00e1vel + tratamento de endurecimento,<br \/>\nA\u00e7o inoxid\u00e1vel + carboneto. A\u00e7o liga especial a\u00e7o inoxid\u00e1vel + PTFE<\/p>\n<p>Opcional:<\/p>\n<p>\u2013 Assentos de despressuriza\u00e7\u00e3o anticavita\u00e7\u00e3o<\/p>\n<p>\u2013 Embalagem Luft de baixa vaz\u00e3o<\/p>\n<p>\u2013 Tratamento de desengraxe sem \u00f3leo<\/p>\n<p>\u2013 Sem tratamento de cobre<\/p>\n<p>Caracter\u00edsticas:<\/p>\n<p>-Insulation jacket design<br \/>\n-Steam pressure&lt;1MPa Temperature\u2264350\u2103<br \/>\n\u2013 Capacidade de estanqueidade atinge n\u00edveis V, V e V<br \/>\n\u2013 Design de alto fluxo<br \/>\n-The valve body channel is optimized. Better flow stability<br \/>\n\u2013 Atuador pneum\u00e1tico compacto com m\u00faltiplas molas<br \/>\n\u2013 Otimiza\u00e7\u00e3o da intercambialidade de componentes entre todos os tamanhos<\/p>","protected":false},"excerpt":{"rendered":"<p>The thermal insulation jacket valve has the same performance as ordinary valves and is mainly used in thermal insulation occasions. When the resultant temperature of the process medium is lower than the ambient temperature or the temperature of the fluid decreases, resulting in an increase in viscosity or a suspected solidification of the fluid, an insulating jacket device is added at the valve body and the upper cover of the regulating valve to make the process proceed as required.<\/p>","protected":false},"featured_media":3715,"comment_status":"open","ping_status":"closed","template":"","meta":{"site-sidebar-layout":"default","site-content-layout":"default","ast-site-content-layout":"default","site-content-style":"default","site-sidebar-style":"default","ast-global-header-display":"","ast-banner-title-visibility":"","ast-main-header-display":"","ast-hfb-above-header-display":"","ast-hfb-below-header-display":"","ast-hfb-mobile-header-display":"","site-post-title":"","ast-breadcrumbs-content":"","ast-featured-img":"","footer-sml-layout":"","ast-disable-related-posts":"","theme-transparent-header-meta":"default","adv-header-id-meta":"","stick-header-meta":"default","header-above-stick-meta":"","header-main-stick-meta":"","header-below-stick-meta":"","astra-migrate-meta-layouts":"default","ast-page-background-enabled":"default","ast-page-background-meta":{"desktop":{"background-color":"","background-image":"","background-repeat":"repeat","background-position":"center center","background-size":"auto","background-attachment":"scroll","background-type":"","background-media":"","overlay-type":"","overlay-color":"","overlay-opacity":"","overlay-gradient":""},"tablet":{"background-color":"","background-image":"","background-repeat":"repeat","background-position":"center center","background-size":"auto","background-attachment":"scroll","background-type":"","background-media":"","overlay-type":"","overlay-color":"","overlay-opacity":"","overlay-gradient":""},"mobile":{"background-color":"","background-image":"","background-repeat":"repeat","background-position":"center center","background-size":"auto","background-attachment":"scroll","background-type":"","background-media":"","overlay-type":"","overlay-color":"","overlay-opacity":"","overlay-gradient":""}},"ast-content-background-meta":{"desktop":{"background-color":"var(--ast-global-color-5)","background-image":"","background-repeat":"repeat","background-position":"center center","background-size":"auto","background-attachment":"scroll","background-type":"","background-media":"","overlay-type":"","overlay-color":"","overlay-opacity":"","overlay-gradient":""},"tablet":{"background-color":"var(--ast-global-color-5)","background-image":"","background-repeat":"repeat","background-position":"center center","background-size":"auto","background-attachment":"scroll","background-type":"","background-media":"","overlay-type":"","overlay-color":"","overlay-opacity":"","overlay-gradient":""},"mobile":{"background-color":"var(--ast-global-color-5)","background-image":"","background-repeat":"repeat","background-position":"center center","background-size":"auto","background-attachment":"scroll","background-type":"","background-media":"","overlay-type":"","overlay-color":"","overlay-opacity":"","overlay-gradient":""}}},"product_brand":[],"product_cat":[295,178],"product_tag":[],"class_list":{"0":"post-3714","1":"product","2":"type-product","3":"status-publish","4":"has-post-thumbnail","6":"product_cat-globe-pneumatic-control-valve","7":"product_cat-control-valves","8":"desktop-align-left","9":"tablet-align-left","10":"mobile-align-left","11":"ast-product-gallery-layout-horizontal-slider","12":"ast-product-gallery-with-no-image","13":"ast-product-tabs-layout-horizontal","14":"ast-qv-on-image","16":"first","17":"instock","18":"shipping-taxable","19":"product-type-simple"},"_links":{"self":[{"href":"https:\/\/raymonvalve.com\/pt\/wp-json\/wp\/v2\/product\/3714","targetHints":{"allow":["GET"]}}],"collection":[{"href":"https:\/\/raymonvalve.com\/pt\/wp-json\/wp\/v2\/product"}],"about":[{"href":"https:\/\/raymonvalve.com\/pt\/wp-json\/wp\/v2\/types\/product"}],"replies":[{"embeddable":true,"href":"https:\/\/raymonvalve.com\/pt\/wp-json\/wp\/v2\/comments?post=3714"}],"wp:featuredmedia":[{"embeddable":true,"href":"https:\/\/raymonvalve.com\/pt\/wp-json\/wp\/v2\/media\/3715"}],"wp:attachment":[{"href":"https:\/\/raymonvalve.com\/pt\/wp-json\/wp\/v2\/media?parent=3714"}],"wp:term":[{"taxonomy":"product_brand","embeddable":true,"href":"https:\/\/raymonvalve.com\/pt\/wp-json\/wp\/v2\/product_brand?post=3714"},{"taxonomy":"product_cat","embeddable":true,"href":"https:\/\/raymonvalve.com\/pt\/wp-json\/wp\/v2\/product_cat?post=3714"},{"taxonomy":"product_tag","embeddable":true,"href":"https:\/\/raymonvalve.com\/pt\/wp-json\/wp\/v2\/product_tag?post=3714"}],"curies":[{"name":"wp","href":"https:\/\/api.w.org\/{rel}","templated":true}]}}