{"id":3717,"date":"2022-08-24T10:17:33","date_gmt":"2022-08-24T02:17:33","guid":{"rendered":"https:\/\/limegreen-okapi-448594.hostingersite.com\/?post_type=product&#038;p=3717"},"modified":"2022-09-05T11:13:50","modified_gmt":"2022-09-05T03:13:50","slug":"small-diameter-sleeve-single-seat-control-valve","status":"publish","type":"product","link":"https:\/\/raymonvalve.com\/pt\/produto\/small-diameter-sleeve-single-seat-control-valve\/","title":{"rendered":"V\u00e1lvula de Controle de Assento \u00danico com Luva de Pequeno Di\u00e2metro"},"content":{"rendered":"<p>\u00c9 utilizada em ocasi\u00f5es de alta press\u00e3o diferencial onde a diferen\u00e7a de press\u00e3o do l\u00edquido excede 3MPa. Guias e luvas robustas no n\u00facleo evitam o flashing e a cavita\u00e7\u00e3o dos l\u00edquidos.<\/p>\n<p>Dados t\u00e9cnicos:<\/p>\n<p>-DN: 15-25<br \/>\n-Press\u00e3o: PN16-110<br \/>\nClasse ANSI 150-600<br \/>\n\u2013 Padr\u00e3o de conex\u00e3o: GB, DIN, ANSI, JIS, etc. \u2013 Temperatura: -196~+566\u2103 - Faixa de Cv: 0.01-4.0<br \/>\n\u2013 Caracter\u00edsticas de fluxo: Porcentagem igual, linear \u2013 Vazamento: Classes V, V e V<\/p>\n<p>Material:<\/p>\n<p>\u2013 Corpo: a\u00e7o carbono, a\u00e7o inoxid\u00e1vel, a\u00e7o de liga especial \u2013 Internos: a\u00e7o inoxid\u00e1vel, a\u00e7o inoxid\u00e1vel + tratamento de endurecimento.<br \/>\nA\u00e7o inoxid\u00e1vel + carboneto. A\u00e7o liga especial<\/p>\n<p>Opcional:<\/p>\n<p>\u2013 Veda\u00e7\u00e3o com fole<\/p>\n<p>-Revestimento isolante<\/p>\n<p>\u2013 Embalagem Luft de baixa vaz\u00e3o<\/p>\n<p>Caracter\u00edsticas:<\/p>\n<p>\u2013 Design de luva bipartida<br \/>\n\u2013 Previne flashing e cavita\u00e7\u00e3o<br \/>\n\u2013 Capacidade de estanqueidade atinge n\u00edveis V, V e V<br \/>\n\u2013 Veda\u00e7\u00e3o opcional do castelo com foles<br \/>\n\u2013 Atuador pneum\u00e1tico compacto com m\u00faltiplas molas<\/p>","protected":false},"excerpt":{"rendered":"<p>\u00c9 utilizada em ocasi\u00f5es de alta press\u00e3o diferencial onde a diferen\u00e7a de press\u00e3o do l\u00edquido excede 3MPa. Guias e luvas robustas no n\u00facleo evitam o flashing e a cavita\u00e7\u00e3o dos l\u00edquidos.<\/p>","protected":false},"featured_media":3718,"comment_status":"open","ping_status":"closed","template":"","meta":{"site-sidebar-layout":"default","site-content-layout":"default","ast-site-content-layout":"default","site-content-style":"default","site-sidebar-style":"default","ast-global-header-display":"","ast-banner-title-visibility":"","ast-main-header-display":"","ast-hfb-above-header-display":"","ast-hfb-below-header-display":"","ast-hfb-mobile-header-display":"","site-post-title":"","ast-breadcrumbs-content":"","ast-featured-img":"","footer-sml-layout":"","ast-disable-related-posts":"","theme-transparent-header-meta":"default","adv-header-id-meta":"","stick-header-meta":"default","header-above-stick-meta":"","header-main-stick-meta":"","header-below-stick-meta":"","astra-migrate-meta-layouts":"default","ast-page-background-enabled":"default","ast-page-background-meta":{"desktop":{"background-color":"","background-image":"","background-repeat":"repeat","background-position":"center center","background-size":"auto","background-attachment":"scroll","background-type":"","background-media":"","overlay-type":"","overlay-color":"","overlay-opacity":"","overlay-gradient":""},"tablet":{"background-color":"","background-image":"","background-repeat":"repeat","background-position":"center center","background-size":"auto","background-attachment":"scroll","background-type":"","background-media":"","overlay-type":"","overlay-color":"","overlay-opacity":"","overlay-gradient":""},"mobile":{"background-color":"","background-image":"","background-repeat":"repeat","background-position":"center center","background-size":"auto","background-attachment":"scroll","background-type":"","background-media":"","overlay-type":"","overlay-color":"","overlay-opacity":"","overlay-gradient":""}},"ast-content-background-meta":{"desktop":{"background-color":"var(--ast-global-color-5)","background-image":"","background-repeat":"repeat","background-position":"center center","background-size":"auto","background-attachment":"scroll","background-type":"","background-media":"","overlay-type":"","overlay-color":"","overlay-opacity":"","overlay-gradient":""},"tablet":{"background-color":"var(--ast-global-color-5)","background-image":"","background-repeat":"repeat","background-position":"center center","background-size":"auto","background-attachment":"scroll","background-type":"","background-media":"","overlay-type":"","overlay-color":"","overlay-opacity":"","overlay-gradient":""},"mobile":{"background-color":"var(--ast-global-color-5)","background-image":"","background-repeat":"repeat","background-position":"center center","background-size":"auto","background-attachment":"scroll","background-type":"","background-media":"","overlay-type":"","overlay-color":"","overlay-opacity":"","overlay-gradient":""}}},"product_brand":[],"product_cat":[178,296],"product_tag":[],"class_list":{"0":"post-3717","1":"product","2":"type-product","3":"status-publish","4":"has-post-thumbnail","6":"product_cat-control-valves","7":"product_cat-globe-electric-control-valve","8":"desktop-align-left","9":"tablet-align-left","10":"mobile-align-left","11":"ast-product-gallery-layout-horizontal-slider","12":"ast-product-gallery-with-no-image","13":"ast-product-tabs-layout-horizontal","14":"ast-qv-on-image","16":"first","17":"instock","18":"shipping-taxable","19":"product-type-simple"},"_links":{"self":[{"href":"https:\/\/raymonvalve.com\/pt\/wp-json\/wp\/v2\/product\/3717","targetHints":{"allow":["GET"]}}],"collection":[{"href":"https:\/\/raymonvalve.com\/pt\/wp-json\/wp\/v2\/product"}],"about":[{"href":"https:\/\/raymonvalve.com\/pt\/wp-json\/wp\/v2\/types\/product"}],"replies":[{"embeddable":true,"href":"https:\/\/raymonvalve.com\/pt\/wp-json\/wp\/v2\/comments?post=3717"}],"wp:featuredmedia":[{"embeddable":true,"href":"https:\/\/raymonvalve.com\/pt\/wp-json\/wp\/v2\/media\/3718"}],"wp:attachment":[{"href":"https:\/\/raymonvalve.com\/pt\/wp-json\/wp\/v2\/media?parent=3717"}],"wp:term":[{"taxonomy":"product_brand","embeddable":true,"href":"https:\/\/raymonvalve.com\/pt\/wp-json\/wp\/v2\/product_brand?post=3717"},{"taxonomy":"product_cat","embeddable":true,"href":"https:\/\/raymonvalve.com\/pt\/wp-json\/wp\/v2\/product_cat?post=3717"},{"taxonomy":"product_tag","embeddable":true,"href":"https:\/\/raymonvalve.com\/pt\/wp-json\/wp\/v2\/product_tag?post=3717"}],"curies":[{"name":"wp","href":"https:\/\/api.w.org\/{rel}","templated":true}]}}