{"id":3723,"date":"2022-08-24T10:36:07","date_gmt":"2022-08-24T02:36:07","guid":{"rendered":"https:\/\/limegreen-okapi-448594.hostingersite.com\/?post_type=product&#038;p=3723"},"modified":"2022-09-05T11:03:20","modified_gmt":"2022-09-05T03:03:20","slug":"desuperheating-water-control-valve","status":"publish","type":"product","link":"https:\/\/raymonvalve.com\/pt\/produto\/desuperheating-water-control-valve\/","title":{"rendered":"V\u00e1lvula de controle de \u00e1gua de resfriamento de vapor"},"content":{"rendered":"<p>Pode ser usada em unidades geradoras de energia t\u00e9rmica de grande e m\u00e9dio porte. \u00c9 uma das v\u00e1lvulas reguladoras chave em usinas de energia para controlar o fluxo de \u00e1gua de resfriamento de vapor necess\u00e1rio para controlar a temperatura do vapor principal e do vapor reaquecido da caldeira.<\/p>\n<p>Dados t\u00e9cnicos:<\/p>\n<p>-DN: 20-100<br \/>\n-Press\u00e3o: PN250-420<br \/>\nANSI Classe 900-2500<br \/>\n- Padr\u00e3o de conex\u00e3o: RF, RJ, BW, anel de veda\u00e7\u00e3o - Temperatura: -20\u2103~+420\u2103 - Caracter\u00edsticas de fluxo: Igual 100%, linear - Vazamento: Classe V<\/p>\n<p>Material:<\/p>\n<p>\u2013 Corpo da v\u00e1lvula: Forjado 20#<br \/>\n\u2013 Internos: a\u00e7o inoxid\u00e1vel endurecido com nitreto<\/p>\n<p>Opcional:<\/p>\n<p>nenhum<\/p>\n<p>Caracter\u00edsticas:<\/p>\n<p>- Corpo forjado angular, plano ou escalonado<br \/>\n- A press\u00e3o do fluido \u00e9 reduzida passo a passo e a dire\u00e7\u00e3o do fluido muda continuamente.<br \/>\n- Aumenta a resist\u00eancia ao fluxo, controla a vaz\u00e3o, previne danos por cavita\u00e7\u00e3o ao fluido, a diferen\u00e7a de press\u00e3o permitida na v\u00e1lvula \u00e9 de 25MPa<br \/>\n-Projeto de estrangulamento multiest\u00e1gio<br \/>\n- A superf\u00edcie de estrangulamento \u00e9 separada da superf\u00edcie de veda\u00e7\u00e3o e a superf\u00edcie \u00e9 endurecida<br \/>\n-Design anti-seize para part\u00edculas s\u00f3lidas<br \/>\n- Boas caracter\u00edsticas de ajuste de fluxo e grande faixa de ajuste<\/p>","protected":false},"excerpt":{"rendered":"<p>Pode ser usada em unidades geradoras de energia t\u00e9rmica de grande e m\u00e9dio porte. \u00c9 uma das v\u00e1lvulas reguladoras chave em usinas de energia para controlar o fluxo de \u00e1gua de resfriamento de vapor necess\u00e1rio para controlar a temperatura do vapor principal e do vapor reaquecido da caldeira.<\/p>","protected":false},"featured_media":3724,"comment_status":"open","ping_status":"closed","template":"","meta":{"site-sidebar-layout":"default","site-content-layout":"default","ast-site-content-layout":"default","site-content-style":"default","site-sidebar-style":"default","ast-global-header-display":"","ast-banner-title-visibility":"","ast-main-header-display":"","ast-hfb-above-header-display":"","ast-hfb-below-header-display":"","ast-hfb-mobile-header-display":"","site-post-title":"","ast-breadcrumbs-content":"","ast-featured-img":"","footer-sml-layout":"","ast-disable-related-posts":"","theme-transparent-header-meta":"default","adv-header-id-meta":"","stick-header-meta":"default","header-above-stick-meta":"","header-main-stick-meta":"","header-below-stick-meta":"","astra-migrate-meta-layouts":"default","ast-page-background-enabled":"default","ast-page-background-meta":{"desktop":{"background-color":"","background-image":"","background-repeat":"repeat","background-position":"center center","background-size":"auto","background-attachment":"scroll","background-type":"","background-media":"","overlay-type":"","overlay-color":"","overlay-opacity":"","overlay-gradient":""},"tablet":{"background-color":"","background-image":"","background-repeat":"repeat","background-position":"center center","background-size":"auto","background-attachment":"scroll","background-type":"","background-media":"","overlay-type":"","overlay-color":"","overlay-opacity":"","overlay-gradient":""},"mobile":{"background-color":"","background-image":"","background-repeat":"repeat","background-position":"center center","background-size":"auto","background-attachment":"scroll","background-type":"","background-media":"","overlay-type":"","overlay-color":"","overlay-opacity":"","overlay-gradient":""}},"ast-content-background-meta":{"desktop":{"background-color":"var(--ast-global-color-5)","background-image":"","background-repeat":"repeat","background-position":"center center","background-size":"auto","background-attachment":"scroll","background-type":"","background-media":"","overlay-type":"","overlay-color":"","overlay-opacity":"","overlay-gradient":""},"tablet":{"background-color":"var(--ast-global-color-5)","background-image":"","background-repeat":"repeat","background-position":"center center","background-size":"auto","background-attachment":"scroll","background-type":"","background-media":"","overlay-type":"","overlay-color":"","overlay-opacity":"","overlay-gradient":""},"mobile":{"background-color":"var(--ast-global-color-5)","background-image":"","background-repeat":"repeat","background-position":"center center","background-size":"auto","background-attachment":"scroll","background-type":"","background-media":"","overlay-type":"","overlay-color":"","overlay-opacity":"","overlay-gradient":""}}},"product_brand":[],"product_cat":[178,196,297],"product_tag":[],"class_list":{"0":"post-3723","1":"product","2":"type-product","3":"status-publish","4":"has-post-thumbnail","6":"product_cat-control-valves","7":"product_cat-power-station-valve","8":"product_cat-power-station-high-differential-pressure-control-valve","9":"desktop-align-left","10":"tablet-align-left","11":"mobile-align-left","12":"ast-product-gallery-layout-horizontal-slider","13":"ast-product-gallery-with-no-image","14":"ast-product-tabs-layout-horizontal","15":"ast-qv-on-image","17":"first","18":"instock","19":"shipping-taxable","20":"product-type-simple"},"_links":{"self":[{"href":"https:\/\/raymonvalve.com\/pt\/wp-json\/wp\/v2\/product\/3723","targetHints":{"allow":["GET"]}}],"collection":[{"href":"https:\/\/raymonvalve.com\/pt\/wp-json\/wp\/v2\/product"}],"about":[{"href":"https:\/\/raymonvalve.com\/pt\/wp-json\/wp\/v2\/types\/product"}],"replies":[{"embeddable":true,"href":"https:\/\/raymonvalve.com\/pt\/wp-json\/wp\/v2\/comments?post=3723"}],"wp:featuredmedia":[{"embeddable":true,"href":"https:\/\/raymonvalve.com\/pt\/wp-json\/wp\/v2\/media\/3724"}],"wp:attachment":[{"href":"https:\/\/raymonvalve.com\/pt\/wp-json\/wp\/v2\/media?parent=3723"}],"wp:term":[{"taxonomy":"product_brand","embeddable":true,"href":"https:\/\/raymonvalve.com\/pt\/wp-json\/wp\/v2\/product_brand?post=3723"},{"taxonomy":"product_cat","embeddable":true,"href":"https:\/\/raymonvalve.com\/pt\/wp-json\/wp\/v2\/product_cat?post=3723"},{"taxonomy":"product_tag","embeddable":true,"href":"https:\/\/raymonvalve.com\/pt\/wp-json\/wp\/v2\/product_tag?post=3723"}],"curies":[{"name":"wp","href":"https:\/\/api.w.org\/{rel}","templated":true}]}}