{"id":3740,"date":"2022-08-24T14:18:05","date_gmt":"2022-08-24T06:18:05","guid":{"rendered":"https:\/\/limegreen-okapi-448594.hostingersite.com\/?post_type=product&#038;p=3740"},"modified":"2022-09-05T10:26:02","modified_gmt":"2022-09-05T02:26:02","slug":"boiler-feed-pump-minimum-circulating-flow-control-valve","status":"publish","type":"product","link":"https:\/\/raymonvalve.com\/pt\/produto\/boiler-feed-pump-minimum-circulating-flow-control-valve\/","title":{"rendered":"Boiler feed pump minimum circulating flow control valve"},"content":{"rendered":"<p>The two-position switch action is mainly used in the water supply system of large generator sets. It is an important equipment to prevent the vaporization of the boiler feed pump and one of the key regulating valves in the power plant. It is also commonly used in petroleum, chemical and other high-pressure differential two-position control occasions.<\/p>\n<p>Dados t\u00e9cnicos:<\/p>\n<p>-DN:80-200<br \/>\n-Press\u00e3o: PN64-420<br \/>\nANSI Classe 900-2500<br \/>\n-Connection standard: RF, RJ, BW, lens pad -Temperature: -17\u2103~+300\u2103 -Flow characteristics: switch two position -Leakage: IV class<\/p>\n<p>Material:<\/p>\n<p>\u2013 Corpo da v\u00e1lvula: Forjado 20#<br \/>\n&#8211; Trim: stainless steel nitride hardened<\/p>\n<p>Opcional:<\/p>\n<p>nenhum<\/p>\n<p>Caracter\u00edsticas:<\/p>\n<p>&#8211; Cast straight or forged straight, angle valve body<br \/>\n-Sleeve parts can be balanced or unbalanced<br \/>\n-The throttling surface is separated from the sealing surface, and the surfaces of the valve core, valve core sleeve and throttle part are treated with ammonia infiltration hardening<br \/>\nCanal de fluxo de estrangulamento multicamadas tipo labirinto, alterando constantemente a dire\u00e7\u00e3o do fluxo, controlando a velocidade do fluido, prevenindo danos por cavita\u00e7\u00e3o e permitindo press\u00e3o diferencial de at\u00e9 30MPa<br \/>\nTodos os internos podem ser desmontados rapidamente<\/p>","protected":false},"excerpt":{"rendered":"<p>The two-position switch action is mainly used in the water supply system of large generator sets. It is an important equipment to prevent the vaporization of the boiler feed pump and one of the key regulating valves in the power plant. It is also commonly used in petroleum, chemical and other high-pressure differential two-position control occasions.<\/p>","protected":false},"featured_media":3741,"comment_status":"open","ping_status":"closed","template":"","meta":{"site-sidebar-layout":"default","site-content-layout":"default","ast-site-content-layout":"default","site-content-style":"default","site-sidebar-style":"default","ast-global-header-display":"","ast-banner-title-visibility":"","ast-main-header-display":"","ast-hfb-above-header-display":"","ast-hfb-below-header-display":"","ast-hfb-mobile-header-display":"","site-post-title":"","ast-breadcrumbs-content":"","ast-featured-img":"","footer-sml-layout":"","ast-disable-related-posts":"","theme-transparent-header-meta":"default","adv-header-id-meta":"","stick-header-meta":"default","header-above-stick-meta":"","header-main-stick-meta":"","header-below-stick-meta":"","astra-migrate-meta-layouts":"default","ast-page-background-enabled":"default","ast-page-background-meta":{"desktop":{"background-color":"","background-image":"","background-repeat":"repeat","background-position":"center center","background-size":"auto","background-attachment":"scroll","background-type":"","background-media":"","overlay-type":"","overlay-color":"","overlay-opacity":"","overlay-gradient":""},"tablet":{"background-color":"","background-image":"","background-repeat":"repeat","background-position":"center center","background-size":"auto","background-attachment":"scroll","background-type":"","background-media":"","overlay-type":"","overlay-color":"","overlay-opacity":"","overlay-gradient":""},"mobile":{"background-color":"","background-image":"","background-repeat":"repeat","background-position":"center center","background-size":"auto","background-attachment":"scroll","background-type":"","background-media":"","overlay-type":"","overlay-color":"","overlay-opacity":"","overlay-gradient":""}},"ast-content-background-meta":{"desktop":{"background-color":"var(--ast-global-color-5)","background-image":"","background-repeat":"repeat","background-position":"center center","background-size":"auto","background-attachment":"scroll","background-type":"","background-media":"","overlay-type":"","overlay-color":"","overlay-opacity":"","overlay-gradient":""},"tablet":{"background-color":"var(--ast-global-color-5)","background-image":"","background-repeat":"repeat","background-position":"center center","background-size":"auto","background-attachment":"scroll","background-type":"","background-media":"","overlay-type":"","overlay-color":"","overlay-opacity":"","overlay-gradient":""},"mobile":{"background-color":"var(--ast-global-color-5)","background-image":"","background-repeat":"repeat","background-position":"center center","background-size":"auto","background-attachment":"scroll","background-type":"","background-media":"","overlay-type":"","overlay-color":"","overlay-opacity":"","overlay-gradient":""}}},"product_brand":[],"product_cat":[178,196,297],"product_tag":[],"class_list":{"0":"post-3740","1":"product","2":"type-product","3":"status-publish","4":"has-post-thumbnail","6":"product_cat-control-valves","7":"product_cat-power-station-valve","8":"product_cat-power-station-high-differential-pressure-control-valve","9":"desktop-align-left","10":"tablet-align-left","11":"mobile-align-left","12":"ast-product-gallery-layout-horizontal-slider","13":"ast-product-gallery-with-no-image","14":"ast-product-tabs-layout-horizontal","15":"ast-qv-on-image","17":"first","18":"instock","19":"shipping-taxable","20":"product-type-simple"},"_links":{"self":[{"href":"https:\/\/raymonvalve.com\/pt\/wp-json\/wp\/v2\/product\/3740","targetHints":{"allow":["GET"]}}],"collection":[{"href":"https:\/\/raymonvalve.com\/pt\/wp-json\/wp\/v2\/product"}],"about":[{"href":"https:\/\/raymonvalve.com\/pt\/wp-json\/wp\/v2\/types\/product"}],"replies":[{"embeddable":true,"href":"https:\/\/raymonvalve.com\/pt\/wp-json\/wp\/v2\/comments?post=3740"}],"wp:featuredmedia":[{"embeddable":true,"href":"https:\/\/raymonvalve.com\/pt\/wp-json\/wp\/v2\/media\/3741"}],"wp:attachment":[{"href":"https:\/\/raymonvalve.com\/pt\/wp-json\/wp\/v2\/media?parent=3740"}],"wp:term":[{"taxonomy":"product_brand","embeddable":true,"href":"https:\/\/raymonvalve.com\/pt\/wp-json\/wp\/v2\/product_brand?post=3740"},{"taxonomy":"product_cat","embeddable":true,"href":"https:\/\/raymonvalve.com\/pt\/wp-json\/wp\/v2\/product_cat?post=3740"},{"taxonomy":"product_tag","embeddable":true,"href":"https:\/\/raymonvalve.com\/pt\/wp-json\/wp\/v2\/product_tag?post=3740"}],"curies":[{"name":"wp","href":"https:\/\/api.w.org\/{rel}","templated":true}]}}