{"id":3742,"date":"2022-08-24T14:25:59","date_gmt":"2022-08-24T06:25:59","guid":{"rendered":"https:\/\/limegreen-okapi-448594.hostingersite.com\/?post_type=product&#038;p=3742"},"modified":"2022-09-05T10:24:31","modified_gmt":"2022-09-05T02:24:31","slug":"urea-synthesis-tower-outlet-pressure-control-valve","status":"publish","type":"product","link":"https:\/\/raymonvalve.com\/pt\/produto\/urea-synthesis-tower-outlet-pressure-control-valve\/","title":{"rendered":"V\u00e1lvula de controle de press\u00e3o de sa\u00edda da torre de s\u00edntese de ureia"},"content":{"rendered":"<p>u \u00c9 especialmente utilizada para ajustar a press\u00e3o de sa\u00edda da torre de s\u00edntese de ureia. \u00c9 adequada para alta press\u00e3o est\u00e1tica ou alta diferen\u00e7a de press\u00e3o, alta viscosidade, fluidos contendo part\u00edculas em suspens\u00e3o e fase mista vapor-l\u00edquido ou f\u00e1cil de vaporizar. \u00c9 usada para controlar a urina na se\u00e7\u00e3o de alta press\u00e3o.<br \/>\nN\u00e3o h\u00e1 \u00e2ngulo morto dentro da v\u00e1lvula, pois a falta de oxig\u00eanio no \u00e2ngulo morto faz com que o l\u00edquido de metilamina agrave a corros\u00e3o dessa \u00e1rea sem prote\u00e7\u00e3o de passiva\u00e7\u00e3o, o que encurtar\u00e1 a vida \u00fatil da v\u00e1lvula.<\/p>\n<p>Dados t\u00e9cnicos:<\/p>\n<p>-DN: 15-80<br \/>\n-Press\u00e3o: PN250-320<br \/>\nANSI Classe 900-2500<br \/>\n\u2013 Padr\u00e3o de conex\u00e3o: RF, RJ, BW, anel de veda\u00e7\u00e3o \u2013 Temperatura: -17~+425\u2103<br \/>\n\u2013 Caracter\u00edsticas de fluxo: linear ou porcentagem igual \u2013 Vazamento: Classe V<\/p>\n<p>Material:<\/p>\n<p>\u2013 Corpo: 00C25Ni6Mo2N \u2013 Internos: 00Cr25Ni6Mo2N<\/p>\n<p>Opcional:<\/p>\n<p>nenhum<\/p>\n<p>Caracter\u00edsticas:<\/p>\n<p>- Corpo angular forjado<br \/>\n- Tratamento de endurecimento e revestimento de superf\u00edcie dos internos resistentes \u00e0 corros\u00e3o<br \/>\n\u2013 M\u00faltiplos est\u00e1gios de estrangulamento<br \/>\n\u2013 Bom efeito de descompress\u00e3o e boa resist\u00eancia \u00e0 corros\u00e3o<br \/>\nTodos os internos podem ser desmontados rapidamente<\/p>","protected":false},"excerpt":{"rendered":"<p>\u00c9 especialmente utilizada para ajustar a press\u00e3o de sa\u00edda da torre de s\u00edntese de ureia. \u00c9 adequada para alta press\u00e3o est\u00e1tica ou alta diferen\u00e7a de press\u00e3o, alta viscosidade, fluidos contendo part\u00edculas em suspens\u00e3o, fase mista vapor-l\u00edquido ou f\u00e1cil de vaporizar. \u00c9 usada para controlar a urina na se\u00e7\u00e3o de alta press\u00e3o.<br \/>\nN\u00e3o h\u00e1 \u00e2ngulo morto dentro da v\u00e1lvula, pois a falta de oxig\u00eanio no \u00e2ngulo morto faz com que o l\u00edquido de metilamina agrave a corros\u00e3o dessa \u00e1rea sem prote\u00e7\u00e3o de passiva\u00e7\u00e3o, o que encurtar\u00e1 a vida \u00fatil da v\u00e1lvula.<\/p>","protected":false},"featured_media":3743,"comment_status":"open","ping_status":"closed","template":"","meta":{"site-sidebar-layout":"default","site-content-layout":"default","ast-site-content-layout":"default","site-content-style":"default","site-sidebar-style":"default","ast-global-header-display":"","ast-banner-title-visibility":"","ast-main-header-display":"","ast-hfb-above-header-display":"","ast-hfb-below-header-display":"","ast-hfb-mobile-header-display":"","site-post-title":"","ast-breadcrumbs-content":"","ast-featured-img":"","footer-sml-layout":"","ast-disable-related-posts":"","theme-transparent-header-meta":"default","adv-header-id-meta":"","stick-header-meta":"default","header-above-stick-meta":"","header-main-stick-meta":"","header-below-stick-meta":"","astra-migrate-meta-layouts":"default","ast-page-background-enabled":"default","ast-page-background-meta":{"desktop":{"background-color":"","background-image":"","background-repeat":"repeat","background-position":"center center","background-size":"auto","background-attachment":"scroll","background-type":"","background-media":"","overlay-type":"","overlay-color":"","overlay-opacity":"","overlay-gradient":""},"tablet":{"background-color":"","background-image":"","background-repeat":"repeat","background-position":"center center","background-size":"auto","background-attachment":"scroll","background-type":"","background-media":"","overlay-type":"","overlay-color":"","overlay-opacity":"","overlay-gradient":""},"mobile":{"background-color":"","background-image":"","background-repeat":"repeat","background-position":"center center","background-size":"auto","background-attachment":"scroll","background-type":"","background-media":"","overlay-type":"","overlay-color":"","overlay-opacity":"","overlay-gradient":""}},"ast-content-background-meta":{"desktop":{"background-color":"var(--ast-global-color-5)","background-image":"","background-repeat":"repeat","background-position":"center center","background-size":"auto","background-attachment":"scroll","background-type":"","background-media":"","overlay-type":"","overlay-color":"","overlay-opacity":"","overlay-gradient":""},"tablet":{"background-color":"var(--ast-global-color-5)","background-image":"","background-repeat":"repeat","background-position":"center center","background-size":"auto","background-attachment":"scroll","background-type":"","background-media":"","overlay-type":"","overlay-color":"","overlay-opacity":"","overlay-gradient":""},"mobile":{"background-color":"var(--ast-global-color-5)","background-image":"","background-repeat":"repeat","background-position":"center center","background-size":"auto","background-attachment":"scroll","background-type":"","background-media":"","overlay-type":"","overlay-color":"","overlay-opacity":"","overlay-gradient":""}}},"product_brand":[],"product_cat":[178,196,297],"product_tag":[],"class_list":{"0":"post-3742","1":"product","2":"type-product","3":"status-publish","4":"has-post-thumbnail","6":"product_cat-control-valves","7":"product_cat-power-station-valve","8":"product_cat-power-station-high-differential-pressure-control-valve","9":"desktop-align-left","10":"tablet-align-left","11":"mobile-align-left","12":"ast-product-gallery-layout-horizontal-slider","13":"ast-product-gallery-with-no-image","14":"ast-product-tabs-layout-horizontal","15":"ast-qv-on-image","17":"first","18":"instock","19":"shipping-taxable","20":"product-type-simple"},"_links":{"self":[{"href":"https:\/\/raymonvalve.com\/pt\/wp-json\/wp\/v2\/product\/3742","targetHints":{"allow":["GET"]}}],"collection":[{"href":"https:\/\/raymonvalve.com\/pt\/wp-json\/wp\/v2\/product"}],"about":[{"href":"https:\/\/raymonvalve.com\/pt\/wp-json\/wp\/v2\/types\/product"}],"replies":[{"embeddable":true,"href":"https:\/\/raymonvalve.com\/pt\/wp-json\/wp\/v2\/comments?post=3742"}],"wp:featuredmedia":[{"embeddable":true,"href":"https:\/\/raymonvalve.com\/pt\/wp-json\/wp\/v2\/media\/3743"}],"wp:attachment":[{"href":"https:\/\/raymonvalve.com\/pt\/wp-json\/wp\/v2\/media?parent=3742"}],"wp:term":[{"taxonomy":"product_brand","embeddable":true,"href":"https:\/\/raymonvalve.com\/pt\/wp-json\/wp\/v2\/product_brand?post=3742"},{"taxonomy":"product_cat","embeddable":true,"href":"https:\/\/raymonvalve.com\/pt\/wp-json\/wp\/v2\/product_cat?post=3742"},{"taxonomy":"product_tag","embeddable":true,"href":"https:\/\/raymonvalve.com\/pt\/wp-json\/wp\/v2\/product_tag?post=3742"}],"curies":[{"name":"wp","href":"https:\/\/api.w.org\/{rel}","templated":true}]}}