{"id":3745,"date":"2022-08-24T14:36:40","date_gmt":"2022-08-24T06:36:40","guid":{"rendered":"https:\/\/limegreen-okapi-448594.hostingersite.com\/?post_type=product&#038;p=3745"},"modified":"2022-09-05T10:21:41","modified_gmt":"2022-09-05T02:21:41","slug":"high-pressure-angle-type-control-valve","status":"publish","type":"product","link":"https:\/\/raymonvalve.com\/pt\/produto\/high-pressure-angle-type-control-valve\/","title":{"rendered":"V\u00e1lvula de controle tipo globo de alta press\u00e3o"},"content":{"rendered":"<p>A sede principal da v\u00e1lvula de controle tipo globo de alta press\u00e3o DAH \u00e9 feita de material de alta dureza para prevenir a eros\u00e3o e o desgaste do fluido de alta press\u00e3o. A dire\u00e7\u00e3o do fluxo do fluido \u00e9 de entrada lateral e sa\u00edda inferior. O g\u00e1s de controle pode ser usado para entrada inferior e sa\u00edda lateral.<\/p>\n<p>Dados t\u00e9cnicos:<\/p>\n<p>-DN: 20-50<br \/>\n-Press\u00e3o: PN250-320<br \/>\nANSI Classe 900-2500<br \/>\n-Padr\u00e3o de conex\u00e3o: RF, RJ, BW, anel de veda\u00e7\u00e3o -Temperatura: -17\u2103~+425\u2103 -Caracter\u00edstica de fluxo: Linear -Vazamento: Classe IV<\/p>\n<p>Material:<\/p>\n<p>-Corpo: a\u00e7o forjado ou a\u00e7o inoxid\u00e1vel forjado<br \/>\n\u2013 Internos: 1Cr18Ni90Cr17Ni12Mo2<br \/>\na\u00e7o inoxid\u00e1vel<br \/>\n\u2013 Revestimento com liga Stellite<\/p>\n<p>Opcional:<\/p>\n<p>nenhum<\/p>\n<p>Caracter\u00edsticas:<\/p>\n<p>\u2013 Corpo angular forjado tipo Venturi<br \/>\n\u2013 Design de sede \u00fanica com gaiola porosa<br \/>\n\u2013 A superf\u00edcie dos internos da v\u00e1lvula \u00e9 nitretada e endurecida<br \/>\n\u2013 Design de sede multiest\u00e1gio<br \/>\nTodos os internos podem ser desmontados rapidamente<\/p>","protected":false},"excerpt":{"rendered":"<p>A sede principal da v\u00e1lvula de controle tipo globo de alta press\u00e3o DAH \u00e9 feita de material de alta dureza para prevenir a eros\u00e3o e o desgaste do fluido de alta press\u00e3o. A dire\u00e7\u00e3o do fluxo do fluido \u00e9 de entrada lateral e sa\u00edda inferior. O g\u00e1s de controle pode ser usado para entrada inferior e sa\u00edda lateral.<\/p>","protected":false},"featured_media":3743,"comment_status":"open","ping_status":"closed","template":"","meta":{"site-sidebar-layout":"default","site-content-layout":"default","ast-site-content-layout":"default","site-content-style":"default","site-sidebar-style":"default","ast-global-header-display":"","ast-banner-title-visibility":"","ast-main-header-display":"","ast-hfb-above-header-display":"","ast-hfb-below-header-display":"","ast-hfb-mobile-header-display":"","site-post-title":"","ast-breadcrumbs-content":"","ast-featured-img":"","footer-sml-layout":"","ast-disable-related-posts":"","theme-transparent-header-meta":"default","adv-header-id-meta":"","stick-header-meta":"default","header-above-stick-meta":"","header-main-stick-meta":"","header-below-stick-meta":"","astra-migrate-meta-layouts":"default","ast-page-background-enabled":"default","ast-page-background-meta":{"desktop":{"background-color":"","background-image":"","background-repeat":"repeat","background-position":"center center","background-size":"auto","background-attachment":"scroll","background-type":"","background-media":"","overlay-type":"","overlay-color":"","overlay-opacity":"","overlay-gradient":""},"tablet":{"background-color":"","background-image":"","background-repeat":"repeat","background-position":"center center","background-size":"auto","background-attachment":"scroll","background-type":"","background-media":"","overlay-type":"","overlay-color":"","overlay-opacity":"","overlay-gradient":""},"mobile":{"background-color":"","background-image":"","background-repeat":"repeat","background-position":"center center","background-size":"auto","background-attachment":"scroll","background-type":"","background-media":"","overlay-type":"","overlay-color":"","overlay-opacity":"","overlay-gradient":""}},"ast-content-background-meta":{"desktop":{"background-color":"var(--ast-global-color-5)","background-image":"","background-repeat":"repeat","background-position":"center center","background-size":"auto","background-attachment":"scroll","background-type":"","background-media":"","overlay-type":"","overlay-color":"","overlay-opacity":"","overlay-gradient":""},"tablet":{"background-color":"var(--ast-global-color-5)","background-image":"","background-repeat":"repeat","background-position":"center center","background-size":"auto","background-attachment":"scroll","background-type":"","background-media":"","overlay-type":"","overlay-color":"","overlay-opacity":"","overlay-gradient":""},"mobile":{"background-color":"var(--ast-global-color-5)","background-image":"","background-repeat":"repeat","background-position":"center center","background-size":"auto","background-attachment":"scroll","background-type":"","background-media":"","overlay-type":"","overlay-color":"","overlay-opacity":"","overlay-gradient":""}}},"product_brand":[],"product_cat":[178,196,297],"product_tag":[],"class_list":{"0":"post-3745","1":"product","2":"type-product","3":"status-publish","4":"has-post-thumbnail","6":"product_cat-control-valves","7":"product_cat-power-station-valve","8":"product_cat-power-station-high-differential-pressure-control-valve","9":"desktop-align-left","10":"tablet-align-left","11":"mobile-align-left","12":"ast-product-gallery-layout-horizontal-slider","13":"ast-product-gallery-with-no-image","14":"ast-product-tabs-layout-horizontal","15":"ast-qv-on-image","17":"first","18":"instock","19":"shipping-taxable","20":"product-type-simple"},"_links":{"self":[{"href":"https:\/\/raymonvalve.com\/pt\/wp-json\/wp\/v2\/product\/3745","targetHints":{"allow":["GET"]}}],"collection":[{"href":"https:\/\/raymonvalve.com\/pt\/wp-json\/wp\/v2\/product"}],"about":[{"href":"https:\/\/raymonvalve.com\/pt\/wp-json\/wp\/v2\/types\/product"}],"replies":[{"embeddable":true,"href":"https:\/\/raymonvalve.com\/pt\/wp-json\/wp\/v2\/comments?post=3745"}],"wp:featuredmedia":[{"embeddable":true,"href":"https:\/\/raymonvalve.com\/pt\/wp-json\/wp\/v2\/media\/3743"}],"wp:attachment":[{"href":"https:\/\/raymonvalve.com\/pt\/wp-json\/wp\/v2\/media?parent=3745"}],"wp:term":[{"taxonomy":"product_brand","embeddable":true,"href":"https:\/\/raymonvalve.com\/pt\/wp-json\/wp\/v2\/product_brand?post=3745"},{"taxonomy":"product_cat","embeddable":true,"href":"https:\/\/raymonvalve.com\/pt\/wp-json\/wp\/v2\/product_cat?post=3745"},{"taxonomy":"product_tag","embeddable":true,"href":"https:\/\/raymonvalve.com\/pt\/wp-json\/wp\/v2\/product_tag?post=3745"}],"curies":[{"name":"wp","href":"https:\/\/api.w.org\/{rel}","templated":true}]}}