{"id":3746,"date":"2022-08-24T14:44:03","date_gmt":"2022-08-24T06:44:03","guid":{"rendered":"https:\/\/limegreen-okapi-448594.hostingersite.com\/?post_type=product&#038;p=3746"},"modified":"2022-09-05T10:18:54","modified_gmt":"2022-09-05T02:18:54","slug":"dto-high-plus-desperate-steam-trap-control-valve","status":"publish","type":"product","link":"https:\/\/raymonvalve.com\/pt\/produto\/dto-high-plus-desperate-steam-trap-control-valve\/","title":{"rendered":"V\u00e1lvula de controle para purgador de vapor DTO high plus"},"content":{"rendered":"<p>O regulador de drenagem de emerg\u00eancia de alta press\u00e3o DTO \u00e9 uma v\u00e1lvula de controle especial utilizada em sistemas de drenagem de emerg\u00eancia de alta press\u00e3o com grande vaz\u00e3o e grande di\u00e2metro, que exigem bom desempenho de veda\u00e7\u00e3o. Esta v\u00e1lvula \u00e9 tamb\u00e9m a melhor escolha para v\u00e1lvula de recircula\u00e7\u00e3o de bomba de condensado.<\/p>\n<p>Dados t\u00e9cnicos:<\/p>\n<p>-DN:100-300 -Press\u00e3o:PN40-160<br \/>\nClasse ANSI 300-1500<br \/>\n-Padr\u00e3o de conex\u00e3o: BW<br \/>\n-Temperatura:-17~+260\u2103<br \/>\n\u2013 Caracter\u00edsticas de fluxo: linear ou porcentagem igual \u2013 Vazamento: Classe V<\/p>\n<p>Material:<\/p>\n<p>- Corpo: WCB \u2013 Internos: 440B<\/p>\n<p>Opcional:<\/p>\n<p>nenhum<\/p>\n<p>Caracter\u00edsticas:<\/p>\n<p>-Corpo reto fundido<br \/>\n-A superf\u00edcie de estrangulamento \u00e9 separada da superf\u00edcie de veda\u00e7\u00e3o da sede da v\u00e1lvula, o que pode proteger eficazmente a superf\u00edcie de veda\u00e7\u00e3o, com bom desempenho de veda\u00e7\u00e3o e longa vida \u00fatil<br \/>\n-Componentes internos feitos de a\u00e7o inoxid\u00e1vel de alta resist\u00eancia<br \/>\n-O n\u00facleo da v\u00e1lvula adota uma estrutura balanceada por press\u00e3o para reduzir a for\u00e7a desbalanceada do fluido atuando no n\u00facleo da v\u00e1lvula<br \/>\n\u2013 Boas caracter\u00edsticas de ajuste. Grande faixa de ajuste, chaveamento flex\u00edvel \u2013 utilizando projeto de estrutura de v\u00e1lvula piloto<\/p>","protected":false},"excerpt":{"rendered":"<p>O regulador de drenagem de emerg\u00eancia de alta press\u00e3o DTO \u00e9 uma v\u00e1lvula de controle especial utilizada em sistemas de drenagem de emerg\u00eancia de alta press\u00e3o com grande vaz\u00e3o e grande di\u00e2metro, que exigem bom desempenho de veda\u00e7\u00e3o. Esta v\u00e1lvula \u00e9 tamb\u00e9m a melhor escolha para v\u00e1lvula de recircula\u00e7\u00e3o de bomba de condensado.<\/p>","protected":false},"featured_media":3749,"comment_status":"open","ping_status":"closed","template":"","meta":{"site-sidebar-layout":"default","site-content-layout":"default","ast-site-content-layout":"default","site-content-style":"default","site-sidebar-style":"default","ast-global-header-display":"","ast-banner-title-visibility":"","ast-main-header-display":"","ast-hfb-above-header-display":"","ast-hfb-below-header-display":"","ast-hfb-mobile-header-display":"","site-post-title":"","ast-breadcrumbs-content":"","ast-featured-img":"","footer-sml-layout":"","ast-disable-related-posts":"","theme-transparent-header-meta":"default","adv-header-id-meta":"","stick-header-meta":"default","header-above-stick-meta":"","header-main-stick-meta":"","header-below-stick-meta":"","astra-migrate-meta-layouts":"default","ast-page-background-enabled":"default","ast-page-background-meta":{"desktop":{"background-color":"","background-image":"","background-repeat":"repeat","background-position":"center center","background-size":"auto","background-attachment":"scroll","background-type":"","background-media":"","overlay-type":"","overlay-color":"","overlay-opacity":"","overlay-gradient":""},"tablet":{"background-color":"","background-image":"","background-repeat":"repeat","background-position":"center center","background-size":"auto","background-attachment":"scroll","background-type":"","background-media":"","overlay-type":"","overlay-color":"","overlay-opacity":"","overlay-gradient":""},"mobile":{"background-color":"","background-image":"","background-repeat":"repeat","background-position":"center center","background-size":"auto","background-attachment":"scroll","background-type":"","background-media":"","overlay-type":"","overlay-color":"","overlay-opacity":"","overlay-gradient":""}},"ast-content-background-meta":{"desktop":{"background-color":"var(--ast-global-color-5)","background-image":"","background-repeat":"repeat","background-position":"center center","background-size":"auto","background-attachment":"scroll","background-type":"","background-media":"","overlay-type":"","overlay-color":"","overlay-opacity":"","overlay-gradient":""},"tablet":{"background-color":"var(--ast-global-color-5)","background-image":"","background-repeat":"repeat","background-position":"center center","background-size":"auto","background-attachment":"scroll","background-type":"","background-media":"","overlay-type":"","overlay-color":"","overlay-opacity":"","overlay-gradient":""},"mobile":{"background-color":"var(--ast-global-color-5)","background-image":"","background-repeat":"repeat","background-position":"center center","background-size":"auto","background-attachment":"scroll","background-type":"","background-media":"","overlay-type":"","overlay-color":"","overlay-opacity":"","overlay-gradient":""}}},"product_brand":[],"product_cat":[178,196,297],"product_tag":[],"class_list":{"0":"post-3746","1":"product","2":"type-product","3":"status-publish","4":"has-post-thumbnail","6":"product_cat-control-valves","7":"product_cat-power-station-valve","8":"product_cat-power-station-high-differential-pressure-control-valve","9":"desktop-align-left","10":"tablet-align-left","11":"mobile-align-left","12":"ast-product-gallery-layout-horizontal-slider","13":"ast-product-gallery-with-no-image","14":"ast-product-tabs-layout-horizontal","15":"ast-qv-on-image","17":"first","18":"instock","19":"shipping-taxable","20":"product-type-simple"},"_links":{"self":[{"href":"https:\/\/raymonvalve.com\/pt\/wp-json\/wp\/v2\/product\/3746","targetHints":{"allow":["GET"]}}],"collection":[{"href":"https:\/\/raymonvalve.com\/pt\/wp-json\/wp\/v2\/product"}],"about":[{"href":"https:\/\/raymonvalve.com\/pt\/wp-json\/wp\/v2\/types\/product"}],"replies":[{"embeddable":true,"href":"https:\/\/raymonvalve.com\/pt\/wp-json\/wp\/v2\/comments?post=3746"}],"wp:featuredmedia":[{"embeddable":true,"href":"https:\/\/raymonvalve.com\/pt\/wp-json\/wp\/v2\/media\/3749"}],"wp:attachment":[{"href":"https:\/\/raymonvalve.com\/pt\/wp-json\/wp\/v2\/media?parent=3746"}],"wp:term":[{"taxonomy":"product_brand","embeddable":true,"href":"https:\/\/raymonvalve.com\/pt\/wp-json\/wp\/v2\/product_brand?post=3746"},{"taxonomy":"product_cat","embeddable":true,"href":"https:\/\/raymonvalve.com\/pt\/wp-json\/wp\/v2\/product_cat?post=3746"},{"taxonomy":"product_tag","embeddable":true,"href":"https:\/\/raymonvalve.com\/pt\/wp-json\/wp\/v2\/product_tag?post=3746"}],"curies":[{"name":"wp","href":"https:\/\/api.w.org\/{rel}","templated":true}]}}