{"id":3750,"date":"2022-08-24T15:03:48","date_gmt":"2022-08-24T07:03:48","guid":{"rendered":"https:\/\/limegreen-okapi-448594.hostingersite.com\/?post_type=product&#038;p=3750"},"modified":"2026-02-04T15:48:43","modified_gmt":"2026-02-04T07:48:43","slug":"boiler-feed-water-control-valve","status":"publish","type":"product","link":"https:\/\/raymonvalve.com\/pt\/produto\/boiler-feed-water-control-valve\/","title":{"rendered":"V\u00e1lvula de controle para \u00e1gua de alimenta\u00e7\u00e3o de caldeira"},"content":{"rendered":"<p>A luva e o n\u00facleo da v\u00e1lvula da montagem interna possuem uma estrutura mista, em cascata e porosa. O fluido primeiro passa pela janela da luva para a estrangulamento de primeiro est\u00e1gio e, em seguida, passa por estrangulamento em cascata cont\u00ednuo de tr\u00eas est\u00e1gios, permitindo grande diferencial de press\u00e3o e estanqueidade. Boa; a v\u00e1lvula \u00e9 um dos reguladores importantes para sistemas de \u00e1gua de alimenta\u00e7\u00e3o de caldeiras em usinas termel\u00e9tricas, podendo tamb\u00e9m ser utilizada em sistemas de controle autom\u00e1tico para petroqu\u00edmica e outras ind\u00fastrias para controlar fluidos de alta press\u00e3o diferencial.<\/p>\n<p>Dados t\u00e9cnicos:<\/p>\n<p>-DN:50-300<br \/>\n-Press\u00e3o: PN250-320<br \/>\nANSI Classe 900-2500<br \/>\n-Padr\u00e3o de conex\u00e3o: BW<br \/>\n-Temperatura: -17~+420\u2103<br \/>\n\u2013 Caracter\u00edsticas de fluxo: linear ou porcentagem igual \u2013 Vazamento: Classe V<\/p>\n<p>Material:<\/p>\n<p>\u2013 Corpo da v\u00e1lvula: Forjado 20#<br \/>\n\u2013 Internos: A\u00e7o inoxid\u00e1vel especial com tratamento de endurecimento superficial<\/p>\n<p>Opcional:<\/p>\n<p>nenhum<\/p>\n<p>Caracter\u00edsticas:<\/p>\n<p>\u2013 Corpo reto forjado<br \/>\n-A grande montagem da v\u00e1lvula possui uma estrutura inovadora e adota estrangulamento por luva. Controla efetivamente a velocidade do fluxo em torno de 30m\/s<br \/>\n-A superf\u00edcie de estrangulamento \u00e9 separada da superf\u00edcie de veda\u00e7\u00e3o da sede da v\u00e1lvula, o que protege efetivamente a superf\u00edcie de veda\u00e7\u00e3o, possui bom desempenho de veda\u00e7\u00e3o e longa vida \u00fatil. Os componentes internos s\u00e3o feitos de a\u00e7o inoxid\u00e1vel de alta resist\u00eancia<br \/>\n-O n\u00facleo da v\u00e1lvula adota uma estrutura balanceada por press\u00e3o para reduzir a for\u00e7a desbalanceada do fluido atuando no n\u00facleo visual<\/p>","protected":false},"excerpt":{"rendered":"<p>A luva e o n\u00facleo da v\u00e1lvula da montagem interna possuem uma estrutura mista, em cascata e porosa. O fluido primeiro passa pela janela da luva para a estrangulamento de primeiro est\u00e1gio e, em seguida, passa por estrangulamento em cascata cont\u00ednuo de tr\u00eas est\u00e1gios, permitindo grande diferencial de press\u00e3o e estanqueidade. Boa; a v\u00e1lvula \u00e9 um dos reguladores importantes para sistemas de \u00e1gua de alimenta\u00e7\u00e3o de caldeiras em usinas termel\u00e9tricas, podendo tamb\u00e9m ser utilizada em sistemas de controle autom\u00e1tico para petroqu\u00edmica e outras ind\u00fastrias para controlar fluidos de alta press\u00e3o diferencial.<\/p>","protected":false},"featured_media":3747,"comment_status":"open","ping_status":"closed","template":"","meta":{"site-sidebar-layout":"default","site-content-layout":"default","ast-site-content-layout":"default","site-content-style":"default","site-sidebar-style":"default","ast-global-header-display":"","ast-banner-title-visibility":"","ast-main-header-display":"","ast-hfb-above-header-display":"","ast-hfb-below-header-display":"","ast-hfb-mobile-header-display":"","site-post-title":"","ast-breadcrumbs-content":"","ast-featured-img":"","footer-sml-layout":"","ast-disable-related-posts":"","theme-transparent-header-meta":"default","adv-header-id-meta":"","stick-header-meta":"default","header-above-stick-meta":"","header-main-stick-meta":"","header-below-stick-meta":"","astra-migrate-meta-layouts":"default","ast-page-background-enabled":"default","ast-page-background-meta":{"desktop":{"background-color":"","background-image":"","background-repeat":"repeat","background-position":"center center","background-size":"auto","background-attachment":"scroll","background-type":"","background-media":"","overlay-type":"","overlay-color":"","overlay-opacity":"","overlay-gradient":""},"tablet":{"background-color":"","background-image":"","background-repeat":"repeat","background-position":"center center","background-size":"auto","background-attachment":"scroll","background-type":"","background-media":"","overlay-type":"","overlay-color":"","overlay-opacity":"","overlay-gradient":""},"mobile":{"background-color":"","background-image":"","background-repeat":"repeat","background-position":"center center","background-size":"auto","background-attachment":"scroll","background-type":"","background-media":"","overlay-type":"","overlay-color":"","overlay-opacity":"","overlay-gradient":""}},"ast-content-background-meta":{"desktop":{"background-color":"var(--ast-global-color-5)","background-image":"","background-repeat":"repeat","background-position":"center center","background-size":"auto","background-attachment":"scroll","background-type":"","background-media":"","overlay-type":"","overlay-color":"","overlay-opacity":"","overlay-gradient":""},"tablet":{"background-color":"var(--ast-global-color-5)","background-image":"","background-repeat":"repeat","background-position":"center center","background-size":"auto","background-attachment":"scroll","background-type":"","background-media":"","overlay-type":"","overlay-color":"","overlay-opacity":"","overlay-gradient":""},"mobile":{"background-color":"var(--ast-global-color-5)","background-image":"","background-repeat":"repeat","background-position":"center center","background-size":"auto","background-attachment":"scroll","background-type":"","background-media":"","overlay-type":"","overlay-color":"","overlay-opacity":"","overlay-gradient":""}}},"product_brand":[],"product_cat":[178,196,297],"product_tag":[],"class_list":{"0":"post-3750","1":"product","2":"type-product","3":"status-publish","4":"has-post-thumbnail","6":"product_cat-control-valves","7":"product_cat-power-station-valve","8":"product_cat-power-station-high-differential-pressure-control-valve","9":"desktop-align-left","10":"tablet-align-left","11":"mobile-align-left","12":"ast-product-gallery-layout-horizontal-slider","13":"ast-product-gallery-with-no-image","14":"ast-product-tabs-layout-horizontal","15":"ast-qv-on-image","17":"first","18":"instock","19":"shipping-taxable","20":"product-type-simple"},"_links":{"self":[{"href":"https:\/\/raymonvalve.com\/pt\/wp-json\/wp\/v2\/product\/3750","targetHints":{"allow":["GET"]}}],"collection":[{"href":"https:\/\/raymonvalve.com\/pt\/wp-json\/wp\/v2\/product"}],"about":[{"href":"https:\/\/raymonvalve.com\/pt\/wp-json\/wp\/v2\/types\/product"}],"replies":[{"embeddable":true,"href":"https:\/\/raymonvalve.com\/pt\/wp-json\/wp\/v2\/comments?post=3750"}],"wp:featuredmedia":[{"embeddable":true,"href":"https:\/\/raymonvalve.com\/pt\/wp-json\/wp\/v2\/media\/3747"}],"wp:attachment":[{"href":"https:\/\/raymonvalve.com\/pt\/wp-json\/wp\/v2\/media?parent=3750"}],"wp:term":[{"taxonomy":"product_brand","embeddable":true,"href":"https:\/\/raymonvalve.com\/pt\/wp-json\/wp\/v2\/product_brand?post=3750"},{"taxonomy":"product_cat","embeddable":true,"href":"https:\/\/raymonvalve.com\/pt\/wp-json\/wp\/v2\/product_cat?post=3750"},{"taxonomy":"product_tag","embeddable":true,"href":"https:\/\/raymonvalve.com\/pt\/wp-json\/wp\/v2\/product_tag?post=3750"}],"curies":[{"name":"wp","href":"https:\/\/api.w.org\/{rel}","templated":true}]}}