{"id":3765,"date":"2022-08-25T09:27:03","date_gmt":"2022-08-25T01:27:03","guid":{"rendered":"https:\/\/limegreen-okapi-448594.hostingersite.com\/?post_type=product&#038;p=3765"},"modified":"2022-09-05T09:15:45","modified_gmt":"2022-09-05T01:15:45","slug":"stainless-steel-pneumatic-sleeve-type-control-valve","status":"publish","type":"product","link":"https:\/\/raymonvalve.com\/pt\/produto\/stainless-steel-pneumatic-sleeve-type-control-valve\/","title":{"rendered":"V\u00e1lvula de Controle Pneum\u00e1tica Tipo Luva em A\u00e7o Inoxid\u00e1vel"},"content":{"rendered":"<p>\u00c9 composta por um atuador pneum\u00e1tico de diafragma e ajuste tipo luva de baixa resist\u00eancia ao fluxo. \u00c9 uma nova gera\u00e7\u00e3o de produtos de v\u00e1lvulas de controle que est\u00e3o em conformidade com as normas IEC. O atuador \u00e9 um atuador pneum\u00e1tico de diafragma. Adota uma estrutura de m\u00faltiplas molas, de tamanho pequeno e leve: pode ser amplamente utilizada em sistemas de controle de processos industriais, como petroqu\u00edmico, farmac\u00eautico, metalurgia, fabrica\u00e7\u00e3o de papel, tratamento de \u00e1gua e outras ind\u00fastrias que exigem baixo ru\u00eddo e grande diferencial de press\u00e3o.<\/p>\n<p>Dados t\u00e9cnicos:<\/p>\n<p>-DN: 25-500<br \/>\n-Press\u00e3o: PN16-100<br \/>\nClasse ANSI 150-600<br \/>\n\u2013 Padr\u00e3o de conex\u00e3o: GB, DIN, ANSI, JIS, etc. \u2013 Temperatura: -20~550\u2103<br \/>\n\u2013 Caracter\u00edsticas de fluxo: abertura r\u00e1pida, linear, porcentagem igual \u2013 Vazamento: 11 graus, V graus<\/p>\n<p>Material:<\/p>\n<p>-Corpo, Castelo: A\u00e7o Inoxid\u00e1vel -Obturador, Gaiola: A\u00e7o Inoxid\u00e1vel<\/p>\n<p>Opcional:<\/p>\n<p>\u2013 Tratamento de desengraxe sem \u00f3leo<\/p>\n<p>Caracter\u00edsticas:<\/p>\n<p>\u2013 Adota estrutura de obturador balanceado, a for\u00e7a axial desbalanceada \u00e9 pequena, a diferen\u00e7a de press\u00e3o permitida \u00e9 grande e a estabilidade \u00e9 boa.<br \/>\n\u2013 A grande superf\u00edcie de guia do carretel melhora as oscila\u00e7\u00f5es causadas por correntes de Foucault e choques, e reduz danos.<br \/>\n-O ru\u00eddo \u00e9 reduzido em cerca de 10dB em compara\u00e7\u00e3o com v\u00e1lvulas de controle convencionais de sede simples e dupla. A v\u00e1lvula tem uma estrutura simples e \u00e9 f\u00e1cil de montar, desmontar e manter. -O corpo da v\u00e1lvula adota um corpo de v\u00e1lvula fundido de precis\u00e3o, canal em S simplificado. A perda de queda de press\u00e3o \u00e9 pequena e a capacidade de fluxo \u00e9 grande. Design de castelo estendido, pode ser usado para fluidos de alta temperatura.<br \/>\n-O corpo da v\u00e1lvula \u00e9 projetado de acordo com o princ\u00edpio da mec\u00e2nica dos fluidos para ter baixa resist\u00eancia ao fluxo de se\u00e7\u00e3o igual e grande faixa ajust\u00e1vel.<\/p>","protected":false},"excerpt":{"rendered":"<p>\u00c9 composta por um atuador pneum\u00e1tico de diafragma e ajuste tipo luva de baixa resist\u00eancia ao fluxo. \u00c9 uma nova gera\u00e7\u00e3o de produtos de v\u00e1lvulas de controle que est\u00e3o em conformidade com as normas IEC. O atuador \u00e9 um atuador pneum\u00e1tico de diafragma. Adota uma estrutura de m\u00faltiplas molas, de tamanho pequeno e leve: pode ser amplamente utilizada em sistemas de controle de processos industriais, como petroqu\u00edmico, farmac\u00eautico, metalurgia, fabrica\u00e7\u00e3o de papel, tratamento de \u00e1gua e outras ind\u00fastrias que exigem baixo ru\u00eddo e grande diferencial de press\u00e3o.<\/p>","protected":false},"featured_media":3766,"comment_status":"open","ping_status":"closed","template":"","meta":{"site-sidebar-layout":"default","site-content-layout":"default","ast-site-content-layout":"default","site-content-style":"default","site-sidebar-style":"default","ast-global-header-display":"","ast-banner-title-visibility":"","ast-main-header-display":"","ast-hfb-above-header-display":"","ast-hfb-below-header-display":"","ast-hfb-mobile-header-display":"","site-post-title":"","ast-breadcrumbs-content":"","ast-featured-img":"","footer-sml-layout":"","ast-disable-related-posts":"","theme-transparent-header-meta":"default","adv-header-id-meta":"","stick-header-meta":"default","header-above-stick-meta":"","header-main-stick-meta":"","header-below-stick-meta":"","astra-migrate-meta-layouts":"default","ast-page-background-enabled":"default","ast-page-background-meta":{"desktop":{"background-color":"","background-image":"","background-repeat":"repeat","background-position":"center center","background-size":"auto","background-attachment":"scroll","background-type":"","background-media":"","overlay-type":"","overlay-color":"","overlay-opacity":"","overlay-gradient":""},"tablet":{"background-color":"","background-image":"","background-repeat":"repeat","background-position":"center center","background-size":"auto","background-attachment":"scroll","background-type":"","background-media":"","overlay-type":"","overlay-color":"","overlay-opacity":"","overlay-gradient":""},"mobile":{"background-color":"","background-image":"","background-repeat":"repeat","background-position":"center center","background-size":"auto","background-attachment":"scroll","background-type":"","background-media":"","overlay-type":"","overlay-color":"","overlay-opacity":"","overlay-gradient":""}},"ast-content-background-meta":{"desktop":{"background-color":"var(--ast-global-color-5)","background-image":"","background-repeat":"repeat","background-position":"center center","background-size":"auto","background-attachment":"scroll","background-type":"","background-media":"","overlay-type":"","overlay-color":"","overlay-opacity":"","overlay-gradient":""},"tablet":{"background-color":"var(--ast-global-color-5)","background-image":"","background-repeat":"repeat","background-position":"center center","background-size":"auto","background-attachment":"scroll","background-type":"","background-media":"","overlay-type":"","overlay-color":"","overlay-opacity":"","overlay-gradient":""},"mobile":{"background-color":"var(--ast-global-color-5)","background-image":"","background-repeat":"repeat","background-position":"center center","background-size":"auto","background-attachment":"scroll","background-type":"","background-media":"","overlay-type":"","overlay-color":"","overlay-opacity":"","overlay-gradient":""}}},"product_brand":[],"product_cat":[178,311,196,297],"product_tag":[],"class_list":{"0":"post-3765","1":"product","2":"type-product","3":"status-publish","4":"has-post-thumbnail","6":"product_cat-control-valves","7":"product_cat-high-temperature-and-high-pressure-valve","8":"product_cat-power-station-valve","9":"product_cat-power-station-high-differential-pressure-control-valve","10":"desktop-align-left","11":"tablet-align-left","12":"mobile-align-left","13":"ast-product-gallery-layout-horizontal-slider","14":"ast-product-gallery-with-no-image","15":"ast-product-tabs-layout-horizontal","16":"ast-qv-on-image","18":"first","19":"instock","20":"shipping-taxable","21":"product-type-simple"},"_links":{"self":[{"href":"https:\/\/raymonvalve.com\/pt\/wp-json\/wp\/v2\/product\/3765","targetHints":{"allow":["GET"]}}],"collection":[{"href":"https:\/\/raymonvalve.com\/pt\/wp-json\/wp\/v2\/product"}],"about":[{"href":"https:\/\/raymonvalve.com\/pt\/wp-json\/wp\/v2\/types\/product"}],"replies":[{"embeddable":true,"href":"https:\/\/raymonvalve.com\/pt\/wp-json\/wp\/v2\/comments?post=3765"}],"wp:featuredmedia":[{"embeddable":true,"href":"https:\/\/raymonvalve.com\/pt\/wp-json\/wp\/v2\/media\/3766"}],"wp:attachment":[{"href":"https:\/\/raymonvalve.com\/pt\/wp-json\/wp\/v2\/media?parent=3765"}],"wp:term":[{"taxonomy":"product_brand","embeddable":true,"href":"https:\/\/raymonvalve.com\/pt\/wp-json\/wp\/v2\/product_brand?post=3765"},{"taxonomy":"product_cat","embeddable":true,"href":"https:\/\/raymonvalve.com\/pt\/wp-json\/wp\/v2\/product_cat?post=3765"},{"taxonomy":"product_tag","embeddable":true,"href":"https:\/\/raymonvalve.com\/pt\/wp-json\/wp\/v2\/product_tag?post=3765"}],"curies":[{"name":"wp","href":"https:\/\/api.w.org\/{rel}","templated":true}]}}