{"id":3767,"date":"2022-08-25T09:36:03","date_gmt":"2022-08-25T01:36:03","guid":{"rendered":"https:\/\/limegreen-okapi-448594.hostingersite.com\/?post_type=product&#038;p=3767"},"modified":"2022-09-05T09:12:16","modified_gmt":"2022-09-05T01:12:16","slug":"electric-stainless-steel-control-valve","status":"publish","type":"product","link":"https:\/\/raymonvalve.com\/pt\/produto\/electric-stainless-steel-control-valve\/","title":{"rendered":"V\u00e1lvula de Controle El\u00e9trica de A\u00e7o Inoxid\u00e1vel"},"content":{"rendered":"<p>\u00c9 composta por um atuador el\u00e9trico inteligente s\u00e9rie 2SB e uma v\u00e1lvula reguladora de assento \u00fanico com baixa resist\u00eancia ao fluxo. \u00c9 uma nova gera\u00e7\u00e3o de produtos de v\u00e1lvulas de controle que est\u00e3o em conformidade com os padr\u00f5es IEC. O atuador adota um m\u00f3dulo de controle eletr\u00f4nico integrado e o empuxo de sa\u00edda \u00e9 grande.;<br \/>\nO produto tem as vantagens de a\u00e7\u00e3o confi\u00e1vel, alta precis\u00e3o das caracter\u00edsticas de fluxo, grande taxa de ajuste, estrutura compacta, etc. Pode ser amplamente utilizado em sistemas de controle de processos industriais como petroqu\u00edmica, farmac\u00eautica, metalurgia, fabrica\u00e7\u00e3o de papel e tratamento de \u00e1gua.<\/p>\n<p>Dados t\u00e9cnicos:<\/p>\n<p>-DN: 10-200<br \/>\n-Press\u00e3o: PN16-100<br \/>\nClasse ANSI 150-300<br \/>\n\u2013 Padr\u00e3o de conex\u00e3o: GB, DIN, ANSI, JIS, etc. \u2013 Temperatura: -20~450\u2103<br \/>\n-Caracter\u00edsticas de fluxo: abertura r\u00e1pida, linear, parab\u00f3lica, porcentagem igual<br \/>\n\u2013 Vazamento: Classe IV, V e VI<\/p>\n<p>Material:<\/p>\n<p>-Corpo, Castelo: A\u00e7o Inoxid\u00e1vel -Internos: A\u00e7o Inoxid\u00e1vel<\/p>\n<p>Opcional:<\/p>\n<p>\u2013 Tratamento de desengraxe sem \u00f3leo<\/p>\n<p>Caracter\u00edsticas:<\/p>\n<p>-Utilizando a estrutura de guia superior, a a\u00e7\u00e3o \u00e9 confi\u00e1vel e a estabilidade \u00e9 boa<br \/>\n-Superf\u00edcie da sede usinada CNC, alta precis\u00e3o de ajuste. De acordo com os requisitos das condi\u00e7\u00f5es de trabalho, pode ser projetada como uma estrutura de sede resiliente.<br \/>\n-A v\u00e1lvula tem uma estrutura simples e \u00e9 f\u00e1cil de montar, desmontar e manter.<br \/>\n-O corpo da v\u00e1lvula \u00e9 forjado e possui desempenho confi\u00e1vel.<br \/>\nDe acordo com o princ\u00edpio da hidrodin\u00e2mica, o corpo intermedi\u00e1rio \u00e9 projetado para ter se\u00e7\u00e3o transversal igual e baixa resist\u00eancia ao fluxo, canal otimizado em S, pequena perda de carga e uma ampla faixa de ajuste.<\/p>","protected":false},"excerpt":{"rendered":"<p>\u00c9 composta por um atuador el\u00e9trico inteligente s\u00e9rie 2SB e uma v\u00e1lvula reguladora de assento \u00fanico com baixa resist\u00eancia ao fluxo. \u00c9 uma nova gera\u00e7\u00e3o de produtos de v\u00e1lvulas de controle que est\u00e3o em conformidade com os padr\u00f5es IEC. O atuador adota um m\u00f3dulo de controle eletr\u00f4nico integrado e o empuxo de sa\u00edda \u00e9 grande.;<br \/>\nO produto tem as vantagens de a\u00e7\u00e3o confi\u00e1vel, alta precis\u00e3o das caracter\u00edsticas de fluxo, grande taxa de ajuste, estrutura compacta, etc. Pode ser amplamente utilizado em sistemas de controle de processos industriais como petroqu\u00edmica, farmac\u00eautica, metalurgia, fabrica\u00e7\u00e3o de papel e tratamento de \u00e1gua.<\/p>","protected":false},"featured_media":3768,"comment_status":"open","ping_status":"closed","template":"","meta":{"site-sidebar-layout":"default","site-content-layout":"default","ast-site-content-layout":"default","site-content-style":"default","site-sidebar-style":"default","ast-global-header-display":"","ast-banner-title-visibility":"","ast-main-header-display":"","ast-hfb-above-header-display":"","ast-hfb-below-header-display":"","ast-hfb-mobile-header-display":"","site-post-title":"","ast-breadcrumbs-content":"","ast-featured-img":"","footer-sml-layout":"","ast-disable-related-posts":"","theme-transparent-header-meta":"default","adv-header-id-meta":"","stick-header-meta":"default","header-above-stick-meta":"","header-main-stick-meta":"","header-below-stick-meta":"","astra-migrate-meta-layouts":"default","ast-page-background-enabled":"default","ast-page-background-meta":{"desktop":{"background-color":"","background-image":"","background-repeat":"repeat","background-position":"center center","background-size":"auto","background-attachment":"scroll","background-type":"","background-media":"","overlay-type":"","overlay-color":"","overlay-opacity":"","overlay-gradient":""},"tablet":{"background-color":"","background-image":"","background-repeat":"repeat","background-position":"center center","background-size":"auto","background-attachment":"scroll","background-type":"","background-media":"","overlay-type":"","overlay-color":"","overlay-opacity":"","overlay-gradient":""},"mobile":{"background-color":"","background-image":"","background-repeat":"repeat","background-position":"center center","background-size":"auto","background-attachment":"scroll","background-type":"","background-media":"","overlay-type":"","overlay-color":"","overlay-opacity":"","overlay-gradient":""}},"ast-content-background-meta":{"desktop":{"background-color":"var(--ast-global-color-5)","background-image":"","background-repeat":"repeat","background-position":"center center","background-size":"auto","background-attachment":"scroll","background-type":"","background-media":"","overlay-type":"","overlay-color":"","overlay-opacity":"","overlay-gradient":""},"tablet":{"background-color":"var(--ast-global-color-5)","background-image":"","background-repeat":"repeat","background-position":"center center","background-size":"auto","background-attachment":"scroll","background-type":"","background-media":"","overlay-type":"","overlay-color":"","overlay-opacity":"","overlay-gradient":""},"mobile":{"background-color":"var(--ast-global-color-5)","background-image":"","background-repeat":"repeat","background-position":"center center","background-size":"auto","background-attachment":"scroll","background-type":"","background-media":"","overlay-type":"","overlay-color":"","overlay-opacity":"","overlay-gradient":""}}},"product_brand":[],"product_cat":[178,311,196,297],"product_tag":[],"class_list":{"0":"post-3767","1":"product","2":"type-product","3":"status-publish","4":"has-post-thumbnail","6":"product_cat-control-valves","7":"product_cat-high-temperature-and-high-pressure-valve","8":"product_cat-power-station-valve","9":"product_cat-power-station-high-differential-pressure-control-valve","10":"desktop-align-left","11":"tablet-align-left","12":"mobile-align-left","13":"ast-product-gallery-layout-horizontal-slider","14":"ast-product-gallery-with-no-image","15":"ast-product-tabs-layout-horizontal","16":"ast-qv-on-image","18":"first","19":"instock","20":"shipping-taxable","21":"product-type-simple"},"_links":{"self":[{"href":"https:\/\/raymonvalve.com\/pt\/wp-json\/wp\/v2\/product\/3767","targetHints":{"allow":["GET"]}}],"collection":[{"href":"https:\/\/raymonvalve.com\/pt\/wp-json\/wp\/v2\/product"}],"about":[{"href":"https:\/\/raymonvalve.com\/pt\/wp-json\/wp\/v2\/types\/product"}],"replies":[{"embeddable":true,"href":"https:\/\/raymonvalve.com\/pt\/wp-json\/wp\/v2\/comments?post=3767"}],"wp:featuredmedia":[{"embeddable":true,"href":"https:\/\/raymonvalve.com\/pt\/wp-json\/wp\/v2\/media\/3768"}],"wp:attachment":[{"href":"https:\/\/raymonvalve.com\/pt\/wp-json\/wp\/v2\/media?parent=3767"}],"wp:term":[{"taxonomy":"product_brand","embeddable":true,"href":"https:\/\/raymonvalve.com\/pt\/wp-json\/wp\/v2\/product_brand?post=3767"},{"taxonomy":"product_cat","embeddable":true,"href":"https:\/\/raymonvalve.com\/pt\/wp-json\/wp\/v2\/product_cat?post=3767"},{"taxonomy":"product_tag","embeddable":true,"href":"https:\/\/raymonvalve.com\/pt\/wp-json\/wp\/v2\/product_tag?post=3767"}],"curies":[{"name":"wp","href":"https:\/\/api.w.org\/{rel}","templated":true}]}}