{"id":4865,"date":"2022-09-05T14:23:06","date_gmt":"2022-09-05T06:23:06","guid":{"rendered":"https:\/\/limegreen-okapi-448594.hostingersite.com\/?post_type=product&#038;p=4865"},"modified":"2022-09-15T14:41:26","modified_gmt":"2022-09-15T06:41:26","slug":"bj45h-thermal-insulation-globe-valve","status":"publish","type":"product","link":"https:\/\/raymonvalve.com\/pt\/produto\/bj45h-thermal-insulation-globe-valve\/","title":{"rendered":"V\u00e1lvula globo com isolamento t\u00e9rmico BJ45H"},"content":{"rendered":"<div class=\"document\">\n<div class=\"document\">\n<div class=\"document\">\n<div class=\"productParameter\">\n<p>A parte de abertura e fechamento da v\u00e1lvula globo de preserva\u00e7\u00e3o de calor \u00e9 um disco de v\u00e1lvula em forma de plugue, a superf\u00edcie de veda\u00e7\u00e3o \u00e9 um plano ou uma superf\u00edcie c\u00f4nica, e o disco de v\u00e1lvula se move linearmente ao longo da linha central do fluido. A forma de movimento da haste da v\u00e1lvula inclui o tipo haste ascendente (a haste da v\u00e1lvula sobe e desce, e o volante n\u00e3o sobe e desce), e tamb\u00e9m existe o tipo haste rotativa ascendente (o volante gira e sobe junto com a haste da v\u00e1lvula, e a porca \u00e9 disposta no corpo da v\u00e1lvula). A v\u00e1lvula globo com fole \u00e9 adequada apenas para totalmente aberta e totalmente fechada, sem ajuste e estrangulamento permitidos.<\/p>\n<p>&nbsp;<\/p>\n<p>Princ\u00edpio de funcionamento da v\u00e1lvula globo de isolamento BJ45H:<\/p>\n<p>A v\u00e1lvula globo de isolamento t\u00e9rmico \u00e9 uma v\u00e1lvula de veda\u00e7\u00e3o obrigat\u00f3ria, portanto, quando a v\u00e1lvula est\u00e1 fechada, a press\u00e3o deve ser aplicada ao disco da v\u00e1lvula para for\u00e7ar a superf\u00edcie de veda\u00e7\u00e3o a n\u00e3o vazar. Quando o meio entra na v\u00e1lvula seis por baixo do disco da v\u00e1lvula, a resist\u00eancia que a for\u00e7a operacional precisa superar \u00e9 a for\u00e7a de atrito entre a haste da v\u00e1lvula e a gaxeta e o empuxo gerado pela press\u00e3o do meio. A for\u00e7a para fechar a v\u00e1lvula \u00e9 maior do que a for\u00e7a para abrir a v\u00e1lvula, portanto, o di\u00e2metro da haste da v\u00e1lvula deve ser grande, caso contr\u00e1rio, ocorrer\u00e1 a falha da parte superior da haste da v\u00e1lvula. Nos \u00faltimos anos, desde o surgimento das v\u00e1lvulas autovedantes, a dire\u00e7\u00e3o do fluxo do meio da v\u00e1lvula globo de preserva\u00e7\u00e3o de calor mudou de cima do disco da v\u00e1lvula para a cavidade da v\u00e1lvula. Neste momento, sob a a\u00e7\u00e3o da press\u00e3o do meio, a for\u00e7a para fechar a v\u00e1lvula \u00e9 pequena, enquanto a for\u00e7a para abrir a v\u00e1lvula \u00e9 grande, e o di\u00e2metro da haste da v\u00e1lvula pode ser reduzido de acordo. Ao mesmo tempo, sob a a\u00e7\u00e3o do meio, esta forma de v\u00e1lvula tamb\u00e9m \u00e9 mais estanque. Os \u201cTr\u00eas Qu\u00edmicos\u201d da minha empresa j\u00e1 estipularam que a dire\u00e7\u00e3o do fluxo da v\u00e1lvula globo de isolamento deve ser de cima para baixo.<\/p>\n<p>Quando a v\u00e1lvula globo de isolamento \u00e9 aberta, quando a altura de abertura do disco da v\u00e1lvula \u00e9 de 25% a 30% do di\u00e2metro nominal, a vaz\u00e3o atingiu o m\u00e1ximo, indicando que a v\u00e1lvula atingiu a posi\u00e7\u00e3o totalmente aberta. Portanto, a posi\u00e7\u00e3o totalmente aberta da v\u00e1lvula globo deve ser determinada pelo curso do disco da v\u00e1lvula.<\/p>\n<p>&nbsp;<\/p>\n<p>Escopo de aplica\u00e7\u00e3o da v\u00e1lvula globo de isolamento BJ45H:<\/p>\n<p>A v\u00e1lvula globo de isolamento BJ45H \u00e9 adequada para tubula\u00e7\u00f5es nas ind\u00fastrias qu\u00edmica e de fertilizantes. O vapor contido na jaqueta pode evitar a cristaliza\u00e7\u00e3o do meio.<\/p>\n<p>&nbsp;<\/p>\n<p>\u3010Aplica\u00e7\u00e3o do produto da v\u00e1lvula globo de isolamento BJ45H\u3011<br \/>\nAs v\u00e1lvulas globo DC com jaqueta de isolamento BJ45H, BJ45Y, BJ45W tipo PN16~PN40 s\u00e3o usadas principalmente em v\u00e1rios sistemas como petr\u00f3leo, ind\u00fastria qu\u00edmica, metalurgia e farmac\u00eautica para transportar meios de alta viscosidade que solidificar\u00e3o \u00e0 temperatura ambiente.<\/p>\n<p>\u3010Padr\u00e3o de execu\u00e7\u00e3o da v\u00e1lvula globo de isolamento BJ45H\u3011<br \/>\nProjeto e fabrica\u00e7\u00e3o: BS1873 BS5160 GB12233<br \/>\nTamanho da flange: ANSIB16.5 JB\/T79 GB9113<br \/>\nPress\u00e3o e temperatura: ANSIB16.34<br \/>\nComprimento de constru\u00e7\u00e3o: ANSIB16.10 BS1873 GB12221<br \/>\nTamanho da conex\u00e3o de solda de topo: ANSIB16.25<br \/>\nInspe\u00e7\u00e3o e teste: BS6755 GB\/T13927<\/p>\n<p>&nbsp;<\/p>\n<p>V\u00e1lvula globo isolada BJ45H - formato principal e tamanho da conex\u00e3o<\/p>\n<div align=\"left\">\n<table border=\"0\" cellspacing=\"1\" cellpadding=\"0\">\n<tbody>\n<tr>\n<td rowspan=\"2\" bgcolor=\"#ffffff\">Di\u00e2metro nominal<\/td>\n<td colspan=\"9\" bgcolor=\"#ffffff\" width=\"90%\">Tamanho<\/td>\n<\/tr>\n<tr bgcolor=\"#c4fbce\">\n<td bgcolor=\"#ffffff\">L<\/td>\n<td bgcolor=\"#ffffff\">D<\/td>\n<td bgcolor=\"#ffffff\">D1<\/td>\n<td bgcolor=\"#ffffff\">D2<\/td>\n<td bgcolor=\"#ffffff\">b<\/td>\n<td bgcolor=\"#ffffff\">3-G<\/td>\n<td bgcolor=\"#ffffff\">Z-d<\/td>\n<td bgcolor=\"#ffffff\">H<\/td>\n<td bgcolor=\"#ffffff\">D0<\/td>\n<\/tr>\n<tr>\n<td colspan=\"10\" bgcolor=\"#ffffff\">BJ41W<\/td>\n<\/tr>\n<tr>\n<td bgcolor=\"#ffffff\">15<\/td>\n<td bgcolor=\"#ffffff\">130<\/td>\n<td bgcolor=\"#ffffff\">105<\/td>\n<td bgcolor=\"#ffffff\">75<\/td>\n<td bgcolor=\"#ffffff\">55<\/td>\n<td bgcolor=\"#ffffff\">14<\/td>\n<td bgcolor=\"#ffffff\">3\/8<\/td>\n<td bgcolor=\"#ffffff\">4-14<\/td>\n<td bgcolor=\"#ffffff\">175<\/td>\n<td bgcolor=\"#ffffff\">180<\/td>\n<\/tr>\n<tr>\n<td bgcolor=\"#ffffff\">20<\/td>\n<td bgcolor=\"#ffffff\">150<\/td>\n<td bgcolor=\"#ffffff\">115<\/td>\n<td bgcolor=\"#ffffff\">85<\/td>\n<td bgcolor=\"#ffffff\">68<\/td>\n<td bgcolor=\"#ffffff\">14<\/td>\n<td bgcolor=\"#ffffff\">3\/8<\/td>\n<td bgcolor=\"#ffffff\">4-14<\/td>\n<td bgcolor=\"#ffffff\">185<\/td>\n<td bgcolor=\"#ffffff\">180<\/td>\n<\/tr>\n<tr>\n<td bgcolor=\"#ffffff\">25<\/td>\n<td bgcolor=\"#ffffff\">160<\/td>\n<td bgcolor=\"#ffffff\">135<\/td>\n<td bgcolor=\"#ffffff\">100<\/td>\n<td bgcolor=\"#ffffff\">78<\/td>\n<td bgcolor=\"#ffffff\">16<\/td>\n<td bgcolor=\"#ffffff\">3\/8<\/td>\n<td bgcolor=\"#ffffff\">4-18<\/td>\n<td bgcolor=\"#ffffff\">210<\/td>\n<td bgcolor=\"#ffffff\">200<\/td>\n<\/tr>\n<tr>\n<td bgcolor=\"#ffffff\">32<\/td>\n<td bgcolor=\"#ffffff\">180<\/td>\n<td bgcolor=\"#ffffff\">145<\/td>\n<td bgcolor=\"#ffffff\">110<\/td>\n<td bgcolor=\"#ffffff\">85<\/td>\n<td bgcolor=\"#ffffff\">16<\/td>\n<td bgcolor=\"#ffffff\">3\/8<\/td>\n<td bgcolor=\"#ffffff\">4-18<\/td>\n<td bgcolor=\"#ffffff\">350<\/td>\n<td bgcolor=\"#ffffff\">200<\/td>\n<\/tr>\n<tr>\n<td bgcolor=\"#ffffff\">40<\/td>\n<td bgcolor=\"#ffffff\">200<\/td>\n<td bgcolor=\"#ffffff\">160<\/td>\n<td bgcolor=\"#ffffff\">125<\/td>\n<td bgcolor=\"#ffffff\">100<\/td>\n<td bgcolor=\"#ffffff\">16<\/td>\n<td bgcolor=\"#ffffff\">3\/8<\/td>\n<td bgcolor=\"#ffffff\">4-18<\/td>\n<td bgcolor=\"#ffffff\">360<\/td>\n<td bgcolor=\"#ffffff\">200<\/td>\n<\/tr>\n<tr>\n<td bgcolor=\"#ffffff\">50<\/td>\n<td bgcolor=\"#ffffff\">250<\/td>\n<td bgcolor=\"#ffffff\">180<\/td>\n<td bgcolor=\"#ffffff\">145<\/td>\n<td bgcolor=\"#ffffff\">120<\/td>\n<td bgcolor=\"#ffffff\">18<\/td>\n<td bgcolor=\"#ffffff\">1\/2<\/td>\n<td bgcolor=\"#ffffff\">4-18<\/td>\n<td bgcolor=\"#ffffff\">380<\/td>\n<td bgcolor=\"#ffffff\">240<\/td>\n<\/tr>\n<tr>\n<td bgcolor=\"#ffffff\">65<\/td>\n<td bgcolor=\"#ffffff\">265<\/td>\n<td bgcolor=\"#ffffff\">195<\/td>\n<td bgcolor=\"#ffffff\">160<\/td>\n<td bgcolor=\"#ffffff\">135<\/td>\n<td bgcolor=\"#ffffff\">20<\/td>\n<td bgcolor=\"#ffffff\">1\/2<\/td>\n<td bgcolor=\"#ffffff\">8-18<\/td>\n<td bgcolor=\"#ffffff\">440<\/td>\n<td bgcolor=\"#ffffff\">240<\/td>\n<\/tr>\n<tr>\n<td bgcolor=\"#ffffff\">80<\/td>\n<td bgcolor=\"#ffffff\">280<\/td>\n<td bgcolor=\"#ffffff\">215<\/td>\n<td bgcolor=\"#ffffff\">180<\/td>\n<td bgcolor=\"#ffffff\">155<\/td>\n<td bgcolor=\"#ffffff\">20<\/td>\n<td bgcolor=\"#ffffff\">1\/2<\/td>\n<td bgcolor=\"#ffffff\">8-18<\/td>\n<td bgcolor=\"#ffffff\">510<\/td>\n<td bgcolor=\"#ffffff\">280<\/td>\n<\/tr>\n<tr>\n<td bgcolor=\"#ffffff\">100<\/td>\n<td bgcolor=\"#ffffff\">300<\/td>\n<td bgcolor=\"#ffffff\">245<\/td>\n<td bgcolor=\"#ffffff\">210<\/td>\n<td bgcolor=\"#ffffff\">185<\/td>\n<td bgcolor=\"#ffffff\">22<\/td>\n<td bgcolor=\"#ffffff\">1\/2<\/td>\n<td bgcolor=\"#ffffff\">8-18<\/td>\n<td bgcolor=\"#ffffff\">620<\/td>\n<td bgcolor=\"#ffffff\">320<\/td>\n<\/tr>\n<tr>\n<td bgcolor=\"#ffffff\">125<\/td>\n<td bgcolor=\"#ffffff\">325<\/td>\n<td bgcolor=\"#ffffff\">280<\/td>\n<td bgcolor=\"#ffffff\">240<\/td>\n<td bgcolor=\"#ffffff\">210<\/td>\n<td bgcolor=\"#ffffff\">24<\/td>\n<td bgcolor=\"#ffffff\">1\/2<\/td>\n<td bgcolor=\"#ffffff\">8-23<\/td>\n<td bgcolor=\"#ffffff\">680<\/td>\n<td bgcolor=\"#ffffff\">360<\/td>\n<\/tr>\n<tr>\n<td bgcolor=\"#ffffff\">150<\/td>\n<td bgcolor=\"#ffffff\">350<\/td>\n<td bgcolor=\"#ffffff\">335<\/td>\n<td bgcolor=\"#ffffff\">295<\/td>\n<td bgcolor=\"#ffffff\">265<\/td>\n<td bgcolor=\"#ffffff\">26<\/td>\n<td bgcolor=\"#ffffff\">1\/2<\/td>\n<td bgcolor=\"#ffffff\">12-23<\/td>\n<td bgcolor=\"#ffffff\">818<\/td>\n<td bgcolor=\"#ffffff\">360<\/td>\n<\/tr>\n<tr>\n<td bgcolor=\"#ffffff\">200<\/td>\n<td bgcolor=\"#ffffff\">400<\/td>\n<td bgcolor=\"#ffffff\">405<\/td>\n<td bgcolor=\"#ffffff\">355<\/td>\n<td bgcolor=\"#ffffff\">320<\/td>\n<td bgcolor=\"#ffffff\">30<\/td>\n<td bgcolor=\"#ffffff\">1\/2<\/td>\n<td bgcolor=\"#ffffff\">12-25<\/td>\n<td bgcolor=\"#ffffff\">1200<\/td>\n<td bgcolor=\"#ffffff\">400<\/td>\n<\/tr>\n<tr>\n<td bgcolor=\"#ffffff\">250<\/td>\n<td bgcolor=\"#ffffff\">450<\/td>\n<td bgcolor=\"#ffffff\">460<\/td>\n<td bgcolor=\"#ffffff\">410<\/td>\n<td bgcolor=\"#ffffff\">375<\/td>\n<td bgcolor=\"#ffffff\">30<\/td>\n<td bgcolor=\"#ffffff\">1\/2<\/td>\n<td bgcolor=\"#ffffff\">12-25<\/td>\n<td bgcolor=\"#ffffff\">1450<\/td>\n<td bgcolor=\"#ffffff\">450<\/td>\n<\/tr>\n<tr>\n<td bgcolor=\"#ffffff\">300<\/td>\n<td bgcolor=\"#ffffff\">500<\/td>\n<td bgcolor=\"#ffffff\">520<\/td>\n<td bgcolor=\"#ffffff\">470<\/td>\n<td bgcolor=\"#ffffff\">435<\/td>\n<td bgcolor=\"#ffffff\">34<\/td>\n<td bgcolor=\"#ffffff\">1\/2<\/td>\n<td bgcolor=\"#ffffff\">16-25<\/td>\n<td bgcolor=\"#ffffff\">1600<\/td>\n<td bgcolor=\"#ffffff\">500<\/td>\n<\/tr>\n<\/tbody>\n<\/table>\n<\/div>\n<\/div>\n<\/div>\n<\/div>\n<\/div>","protected":false},"excerpt":{"rendered":"<p>A parte de abertura e fechamento da v\u00e1lvula globo de preserva\u00e7\u00e3o de calor \u00e9 um disco de v\u00e1lvula em forma de plugue, a superf\u00edcie de veda\u00e7\u00e3o \u00e9 um plano ou uma superf\u00edcie c\u00f4nica, e o disco de v\u00e1lvula se move linearmente ao longo da linha central do fluido. A forma de movimento da haste da v\u00e1lvula inclui o tipo haste ascendente (a haste da v\u00e1lvula sobe e desce, e o volante n\u00e3o sobe e desce), e tamb\u00e9m existe o tipo haste rotativa ascendente (o volante gira e sobe junto com a haste da v\u00e1lvula, e a porca \u00e9 disposta no corpo da v\u00e1lvula). A v\u00e1lvula globo com fole \u00e9 adequada apenas para totalmente aberta e totalmente fechada, sem ajuste e estrangulamento permitidos.<\/p>","protected":false},"featured_media":5576,"comment_status":"open","ping_status":"closed","template":"","meta":{"site-sidebar-layout":"default","site-content-layout":"default","ast-site-content-layout":"default","site-content-style":"default","site-sidebar-style":"default","ast-global-header-display":"","ast-banner-title-visibility":"","ast-main-header-display":"","ast-hfb-above-header-display":"","ast-hfb-below-header-display":"","ast-hfb-mobile-header-display":"","site-post-title":"","ast-breadcrumbs-content":"","ast-featured-img":"","footer-sml-layout":"","ast-disable-related-posts":"","theme-transparent-header-meta":"default","adv-header-id-meta":"","stick-header-meta":"default","header-above-stick-meta":"","header-main-stick-meta":"","header-below-stick-meta":"","astra-migrate-meta-layouts":"default","ast-page-background-enabled":"default","ast-page-background-meta":{"desktop":{"background-color":"","background-image":"","background-repeat":"repeat","background-position":"center center","background-size":"auto","background-attachment":"scroll","background-type":"","background-media":"","overlay-type":"","overlay-color":"","overlay-opacity":"","overlay-gradient":""},"tablet":{"background-color":"","background-image":"","background-repeat":"repeat","background-position":"center center","background-size":"auto","background-attachment":"scroll","background-type":"","background-media":"","overlay-type":"","overlay-color":"","overlay-opacity":"","overlay-gradient":""},"mobile":{"background-color":"","background-image":"","background-repeat":"repeat","background-position":"center center","background-size":"auto","background-attachment":"scroll","background-type":"","background-media":"","overlay-type":"","overlay-color":"","overlay-opacity":"","overlay-gradient":""}},"ast-content-background-meta":{"desktop":{"background-color":"var(--ast-global-color-5)","background-image":"","background-repeat":"repeat","background-position":"center center","background-size":"auto","background-attachment":"scroll","background-type":"","background-media":"","overlay-type":"","overlay-color":"","overlay-opacity":"","overlay-gradient":""},"tablet":{"background-color":"var(--ast-global-color-5)","background-image":"","background-repeat":"repeat","background-position":"center center","background-size":"auto","background-attachment":"scroll","background-type":"","background-media":"","overlay-type":"","overlay-color":"","overlay-opacity":"","overlay-gradient":""},"mobile":{"background-color":"var(--ast-global-color-5)","background-image":"","background-repeat":"repeat","background-position":"center center","background-size":"auto","background-attachment":"scroll","background-type":"","background-media":"","overlay-type":"","overlay-color":"","overlay-opacity":"","overlay-gradient":""}}},"product_brand":[],"product_cat":[174],"product_tag":[318],"class_list":{"0":"post-4865","1":"product","2":"type-product","3":"status-publish","4":"has-post-thumbnail","6":"product_cat-globe-valves","7":"product_tag-oil","8":"desktop-align-left","9":"tablet-align-left","10":"mobile-align-left","11":"ast-product-gallery-layout-horizontal-slider","12":"ast-product-gallery-with-no-image","13":"ast-product-tabs-layout-horizontal","14":"ast-qv-on-image","16":"first","17":"instock","18":"shipping-taxable","19":"product-type-simple"},"_links":{"self":[{"href":"https:\/\/raymonvalve.com\/pt\/wp-json\/wp\/v2\/product\/4865","targetHints":{"allow":["GET"]}}],"collection":[{"href":"https:\/\/raymonvalve.com\/pt\/wp-json\/wp\/v2\/product"}],"about":[{"href":"https:\/\/raymonvalve.com\/pt\/wp-json\/wp\/v2\/types\/product"}],"replies":[{"embeddable":true,"href":"https:\/\/raymonvalve.com\/pt\/wp-json\/wp\/v2\/comments?post=4865"}],"wp:featuredmedia":[{"embeddable":true,"href":"https:\/\/raymonvalve.com\/pt\/wp-json\/wp\/v2\/media\/5576"}],"wp:attachment":[{"href":"https:\/\/raymonvalve.com\/pt\/wp-json\/wp\/v2\/media?parent=4865"}],"wp:term":[{"taxonomy":"product_brand","embeddable":true,"href":"https:\/\/raymonvalve.com\/pt\/wp-json\/wp\/v2\/product_brand?post=4865"},{"taxonomy":"product_cat","embeddable":true,"href":"https:\/\/raymonvalve.com\/pt\/wp-json\/wp\/v2\/product_cat?post=4865"},{"taxonomy":"product_tag","embeddable":true,"href":"https:\/\/raymonvalve.com\/pt\/wp-json\/wp\/v2\/product_tag?post=4865"}],"curies":[{"name":"wp","href":"https:\/\/api.w.org\/{rel}","templated":true}]}}