{"id":4867,"date":"2022-09-05T14:45:37","date_gmt":"2022-09-05T06:45:37","guid":{"rendered":"https:\/\/limegreen-okapi-448594.hostingersite.com\/?post_type=product&#038;p=4867"},"modified":"2022-09-15T14:40:09","modified_gmt":"2022-09-15T06:40:09","slug":"dkj61-vacuum-isolation-globe-valve","status":"publish","type":"product","link":"https:\/\/raymonvalve.com\/pt\/produto\/dkj61-vacuum-isolation-globe-valve\/","title":{"rendered":"V\u00e1lvula globo de isolamento a v\u00e1cuo DKJ61"},"content":{"rendered":"<div class=\"document\">\n<div class=\"document\">\n<div class=\"document\">\n<p>&nbsp;<\/p>\n<p>Vis\u00e3o geral do produto<\/p>\n<p>Esta v\u00e1lvula \u00e9 adequada para temperaturas de trabalho inferiores a 400\u00b0C e inferiores a 550\u00b0C. Meio de trabalho para tubula\u00e7\u00f5es de \u00e1gua, vapor e \u00f3leo, como dispositivo de abertura e fechamento, especialmente para usinas termel\u00e9tricas, medicina, papel e outros sistemas de condensa\u00e7\u00e3o de turbinas a vapor e sistemas de v\u00e1cuo e press\u00e3o negativa, para desempenhar um efeito de isolamento e veda\u00e7\u00e3o a v\u00e1cuo.<\/p>\n<p>Caracter\u00edsticas do produto<\/p>\n<ol>\n<li>Forma construtiva: v\u00e1lvula gaveta com veda\u00e7\u00e3o a v\u00e1cuo, com dispositivo de veda\u00e7\u00e3o a v\u00e1cuo e estrutura de gaveta dupla paralela; v\u00e1lvula de corte com veda\u00e7\u00e3o a v\u00e1cuo, com dispositivo de veda\u00e7\u00e3o a v\u00e1cuo e estrutura de eleva\u00e7\u00e3o reta.<\/li>\n<li>Modo de acionamento: manual, el\u00e9trico, transmiss\u00e3o por engrenagem.<\/li>\n<li>Modo de conex\u00e3o: conex\u00e3o por soquete de solda, conex\u00e3o flangeada, conex\u00e3o de solda de topo.<\/li>\n<li>Um mecanismo de veda\u00e7\u00e3o flutuante \u00e9 formado pela combina\u00e7\u00e3o de \u00eambolo, estrutura de guia e mola, e auto compensa\u00e7\u00e3o pode ser alcan\u00e7ada ap\u00f3s o atrito.<\/li>\n<li>Estrutura de guia e movimento de guia do corpo da v\u00e1lvula, garantindo a abertura e o fechamento simult\u00e2neos das duas comportas.<\/li>\n<li>V\u00e1lvula de bloqueio para isolamento a v\u00e1cuo: haste e disco da v\u00e1lvula adotam conex\u00e3o din\u00e2mica, veda\u00e7\u00e3o vertical entre a v\u00e1lvula e a sede, curso de abertura e fechamento e altura da v\u00e1lvula s\u00e3o pequenos.<\/li>\n<li>Um dispositivo de veda\u00e7\u00e3o a v\u00e1cuo \u00e9 instalado na caixa de gaxetas. Foram instalados enchimento din\u00e2mico de n\u00edquel flex\u00edvel de alta resist\u00eancia e malha de n\u00edquel em liga revestida de politetrafluoroetileno modificado e anel de veda\u00e7\u00e3o de graxa, e graxa de silicone de alta veda\u00e7\u00e3o a v\u00e1cuo foi injetada entre o enchimento e o anel de veda\u00e7\u00e3o para melhorar a veda\u00e7\u00e3o entre o enchimento e a haste, separando assim a altura do sistema da atmosfera.<\/li>\n<\/ol>\n<p>Especifica\u00e7\u00e3o de desempenho<\/p>\n<table>\n<tbody>\n<tr>\n<td width=\"112\">Tipo de produto<\/td>\n<td width=\"111\">\u00a0Teste de resist\u00eancia da carca\u00e7a<\/td>\n<td width=\"112\">(MPa) Teste de veda\u00e7\u00e3o superior<\/td>\n<td width=\"112\">(MPa) Teste de veda\u00e7\u00e3o<\/td>\n<td width=\"112\">(P)<\/p>\n<p>Temperatura aplic\u00e1vel<\/td>\n<\/tr>\n<tr>\n<td width=\"112\">DKJ61H-40<\/td>\n<td width=\"111\">6.0<\/td>\n<td width=\"112\">4.4<\/td>\n<td rowspan=\"3\" width=\"112\">\u00a0\u00c1gua, vapor, ar<\/td>\n<td rowspan=\"3\" width=\"112\">W400<\/td>\n<\/tr>\n<tr>\n<td width=\"112\">DKJ61H-64<\/td>\n<td width=\"111\">9.6<\/td>\n<td width=\"112\">7.0<\/td>\n<\/tr>\n<tr>\n<td width=\"112\">DKJ61H-100<\/td>\n<td width=\"111\">15.0<\/td>\n<td width=\"112\">11.0<\/td>\n<\/tr>\n<tr>\n<td width=\"112\">DKJ61H-401<\/td>\n<td width=\"111\">6.0<\/td>\n<td width=\"112\">4.4<\/td>\n<td rowspan=\"3\" width=\"112\">\u00c1gua, vapor, ar<\/td>\n<td rowspan=\"3\" width=\"112\">W550<\/td>\n<\/tr>\n<tr>\n<td width=\"112\">DKJ61H-641<\/td>\n<td width=\"111\">9.6<\/td>\n<td width=\"112\">7.0<\/td>\n<\/tr>\n<tr>\n<td width=\"112\">DKJ61H-100I<\/td>\n<td width=\"111\">15.0<\/td>\n<td width=\"112\">11.0<\/td>\n<\/tr>\n<\/tbody>\n<\/table>\n<p>&nbsp;<\/p>\n<p>Materiais das partes principais<\/p>\n<table>\n<tbody>\n<tr>\n<td width=\"79\">Nome da pe\u00e7a<\/td>\n<td width=\"106\">corpo, tampa<\/td>\n<td width=\"60\">haste<\/td>\n<td width=\"98\">obturador<\/td>\n<td width=\"62\">Superf\u00edcie de veda\u00e7\u00e3o<\/td>\n<td width=\"51\">Porca da haste<\/td>\n<td width=\"51\">preenchimento<\/td>\n<td width=\"51\">\u00a0Um fixador<\/td>\n<\/tr>\n<tr>\n<td width=\"79\">DKJ61H-C<\/td>\n<td width=\"106\">25 ou WCB<\/td>\n<td width=\"60\">2Cr13<\/td>\n<td width=\"98\">25<\/td>\n<td width=\"62\">H: A\u00e7o inoxid\u00e1vel<\/td>\n<td rowspan=\"2\" width=\"51\">\u00a0Bronze de alum\u00ednio<\/td>\n<td rowspan=\"2\" width=\"51\">Grafite expandido composto<\/td>\n<td width=\"51\">A\u00e7o carbono de alta qualidade<\/td>\n<\/tr>\n<tr>\n<td width=\"79\">DKJ61Y-I<\/td>\n<td width=\"106\">\u00a0Cromo molibd\u00eanio cobre<\/td>\n<td width=\"60\">25Cr2Mo1VA<\/td>\n<td width=\"98\">12Cr1Mo1VA<\/td>\n<td width=\"62\">\u00a0Carbeto cimentado<\/td>\n<td width=\"51\">AlCuCr<\/td>\n<\/tr>\n<\/tbody>\n<\/table>\n<p>Tamanho principal e tamanho de conex\u00e3o<\/p>\n<table>\n<tbody>\n<tr>\n<td rowspan=\"2\" width=\"56\">Di\u00e2metro nominal<\/p>\n<p>DN(mm)<\/td>\n<td colspan=\"8\" width=\"447\">(mm)<\/td>\n<td rowspan=\"2\" width=\"56\">Peso (Kg)<\/td>\n<\/tr>\n<tr>\n<td width=\"56\">L<\/td>\n<td width=\"56\">H<\/td>\n<td width=\"56\">D<\/td>\n<td width=\"56\">d<\/td>\n<td width=\"56\"><sup>D1<\/sup><\/td>\n<td width=\"56\">I<\/td>\n<td width=\"56\">a<\/td>\n<td width=\"55\">DO<\/td>\n<\/tr>\n<tr>\n<td colspan=\"10\" width=\"560\">DKJ61-40<\/td>\n<\/tr>\n<tr>\n<td width=\"56\">10<\/td>\n<td width=\"56\">130<\/td>\n<td width=\"56\">245<\/td>\n<td width=\"56\">36<\/td>\n<td width=\"56\">11<\/td>\n<td width=\"56\">18.4<\/td>\n<td width=\"56\">10<\/td>\n<td width=\"56\">37\u00b0 30\u2032<\/td>\n<td width=\"55\">12C<\/td>\n<td width=\"56\">6.5<\/td>\n<\/tr>\n<tr>\n<td width=\"56\">15<\/td>\n<td width=\"56\">130<\/td>\n<td width=\"56\">245<\/td>\n<td width=\"56\">36<\/td>\n<td width=\"56\">16<\/td>\n<td width=\"56\">22.5<\/td>\n<td width=\"56\">10<\/td>\n<td width=\"56\">37\u00b0 30*<\/td>\n<td width=\"55\">12C<\/td>\n<td width=\"56\">7<\/td>\n<\/tr>\n<tr>\n<td width=\"56\">20<\/td>\n<td width=\"56\">150<\/td>\n<td width=\"56\">265<\/td>\n<td width=\"56\">44<\/td>\n<td width=\"56\">21<\/td>\n<td width=\"56\">28.5<\/td>\n<td width=\"56\">11<\/td>\n<td width=\"56\">37\u00b0 30\u2032<\/td>\n<td width=\"55\">16\u00b0C<\/td>\n<td width=\"56\">7.8<\/td>\n<\/tr>\n<tr>\n<td width=\"56\">25<\/td>\n<td width=\"56\">160<\/td>\n<td width=\"56\">270<\/td>\n<td width=\"56\">48<\/td>\n<td width=\"56\">26<\/td>\n<td width=\"56\">34.5<\/td>\n<td width=\"56\">12<\/td>\n<td width=\"56\">37\u00b0 30\u2032<\/td>\n<td width=\"55\">20\u00b0C<\/td>\n<td width=\"56\">8.5<\/td>\n<\/tr>\n<tr>\n<td width=\"56\">32<\/td>\n<td width=\"56\">180<\/td>\n<td width=\"56\">285<\/td>\n<td width=\"56\">48<\/td>\n<td width=\"56\">34<\/td>\n<td width=\"56\"><\/td>\n<td width=\"56\"><\/td>\n<td width=\"56\">37\u00b0 30\u2032<\/td>\n<td width=\"55\">20\u00b0C<\/td>\n<td width=\"56\">12<\/td>\n<\/tr>\n<tr>\n<td width=\"56\">40<\/td>\n<td width=\"56\">200<\/td>\n<td width=\"56\">320<\/td>\n<td width=\"56\">55<\/td>\n<td width=\"56\">40<\/td>\n<td width=\"56\"><\/td>\n<td width=\"56\"><\/td>\n<td width=\"56\">37\u00b0 30\u2032<\/td>\n<td width=\"55\">24\u00b0C<\/td>\n<td width=\"56\">15<\/td>\n<\/tr>\n<tr>\n<td width=\"56\">50<\/td>\n<td width=\"56\">230<\/td>\n<td width=\"56\">365<\/td>\n<td width=\"56\">64<\/td>\n<td width=\"56\">48<\/td>\n<td width=\"56\"><\/td>\n<td width=\"56\"><\/td>\n<td width=\"56\">37\u00b0 30\u2032<\/td>\n<td width=\"55\">32\u00b0C<\/td>\n<td width=\"56\">25<\/td>\n<\/tr>\n<tr>\n<td width=\"56\">65<\/td>\n<td width=\"56\">290<\/td>\n<td width=\"56\">410<\/td>\n<td width=\"56\">82<\/td>\n<td width=\"56\">66<\/td>\n<td width=\"56\"><\/td>\n<td width=\"56\"><\/td>\n<td width=\"56\">37\u00b0 30\u2032<\/td>\n<td width=\"55\">30\u00b0C<\/td>\n<td width=\"56\">39<\/td>\n<\/tr>\n<tr>\n<td width=\"56\">80<\/td>\n<td width=\"56\">310<\/td>\n<td width=\"56\">430<\/td>\n<td width=\"56\">95<\/td>\n<td width=\"56\">78<\/td>\n<td width=\"56\"><\/td>\n<td width=\"56\"><\/td>\n<td width=\"56\">37\u00b0 30*<\/td>\n<td width=\"55\">30\u00b0C<\/td>\n<td width=\"56\">50<\/td>\n<\/tr>\n<tr>\n<td width=\"56\">100<\/td>\n<td width=\"56\">350<\/td>\n<td width=\"56\">470<\/td>\n<td width=\"56\">117<\/td>\n<td width=\"56\">100<\/td>\n<td width=\"56\"><\/td>\n<td width=\"56\"><\/td>\n<td width=\"56\">37\u00b0 30\u2032<\/td>\n<td width=\"55\">35\u00b0C<\/td>\n<td width=\"56\">65<\/td>\n<\/tr>\n<tr>\n<td width=\"56\">125<\/td>\n<td width=\"56\">400<\/td>\n<td width=\"56\">500<\/td>\n<td width=\"56\">143<\/td>\n<td width=\"56\">126<\/td>\n<td width=\"56\"><\/td>\n<td width=\"56\"><\/td>\n<td width=\"56\">37\u00b0 30\u2032<\/td>\n<td width=\"55\">35\u00b0C<\/td>\n<td width=\"56\">72<\/td>\n<\/tr>\n<tr>\n<td width=\"56\">150<\/td>\n<td width=\"56\">480<\/td>\n<td width=\"56\">533<\/td>\n<td width=\"56\">167<\/td>\n<td width=\"56\">150<\/td>\n<td width=\"56\"><\/td>\n<td width=\"56\"><\/td>\n<td width=\"56\">37\u00b0 30\u2032,<\/td>\n<td width=\"55\">40\u00b0C<\/td>\n<td width=\"56\">84<\/td>\n<\/tr>\n<tr>\n<td colspan=\"10\" width=\"560\">DKJ61-64<\/td>\n<\/tr>\n<tr>\n<td width=\"56\">10<\/td>\n<td width=\"56\">130<\/td>\n<td width=\"56\">245<\/td>\n<td width=\"56\">36<\/td>\n<td width=\"56\">10<\/td>\n<td width=\"56\">18.4<\/td>\n<td width=\"56\">10<\/td>\n<td width=\"56\">37\u00b0 30\u2032<\/td>\n<td width=\"55\">12C<\/td>\n<td width=\"56\">6.5<\/td>\n<\/tr>\n<tr>\n<td width=\"56\">15<\/td>\n<td width=\"56\">130<\/td>\n<td width=\"56\">245<\/td>\n<td width=\"56\">36<\/td>\n<td width=\"56\">15<\/td>\n<td width=\"56\">22.5<\/td>\n<td width=\"56\">10<\/td>\n<td width=\"56\">37\u00b0 <em><i>30\u2032<\/i><\/em><\/td>\n<td width=\"55\">12C<\/td>\n<td width=\"56\">7<\/td>\n<\/tr>\n<tr>\n<td width=\"56\">20<\/td>\n<td width=\"56\">150<\/td>\n<td width=\"56\">265<\/td>\n<td width=\"56\">44<\/td>\n<td width=\"56\">20<\/td>\n<td width=\"56\">28.5<\/td>\n<td width=\"56\">11<\/td>\n<td width=\"56\">37\u00b0 30\u2032<\/td>\n<td width=\"55\">16\u00b0C<\/td>\n<td width=\"56\">7.8<\/td>\n<\/tr>\n<tr>\n<td width=\"56\">25<\/td>\n<td width=\"56\">160<\/td>\n<td width=\"56\">270<\/td>\n<td width=\"56\">48<\/td>\n<td width=\"56\">25<\/td>\n<td width=\"56\">34.5<\/td>\n<td width=\"56\">12<\/td>\n<td width=\"56\">37\u00b0 30*<\/td>\n<td width=\"55\">20\u00b0C<\/td>\n<td width=\"56\">8.5<\/td>\n<\/tr>\n<tr>\n<td width=\"56\">32<\/td>\n<td width=\"56\">180<\/td>\n<td width=\"56\">280<\/td>\n<td width=\"56\">48<\/td>\n<td width=\"56\">33<\/td>\n<td width=\"56\"><\/td>\n<td width=\"56\"><\/td>\n<td width=\"56\">37\u00b0 30\u2032<\/td>\n<td width=\"55\">20\u00b0C<\/td>\n<td width=\"56\">13<\/td>\n<\/tr>\n<tr>\n<td width=\"56\">40<\/td>\n<td width=\"56\">260<\/td>\n<td width=\"56\">320<\/td>\n<td width=\"56\">55<\/td>\n<td width=\"56\">39<\/td>\n<td width=\"56\"><\/td>\n<td width=\"56\"><\/td>\n<td width=\"56\">37\u00b0 30*<\/td>\n<td width=\"55\">24\u00b0C<\/td>\n<td width=\"56\">17<\/td>\n<\/tr>\n<tr>\n<td width=\"56\">50<\/td>\n<td width=\"56\">300<\/td>\n<td width=\"56\">365<\/td>\n<td width=\"56\">64<\/td>\n<td width=\"56\">48<\/td>\n<td width=\"56\"><\/td>\n<td width=\"56\"><\/td>\n<td width=\"56\">37\u00b0 30\u2032<\/td>\n<td width=\"55\">32\u00b0C<\/td>\n<td width=\"56\">28<\/td>\n<\/tr>\n<tr>\n<td width=\"56\">65<\/td>\n<td width=\"56\">340<\/td>\n<td width=\"56\">410<\/td>\n<td width=\"56\">82<\/td>\n<td width=\"56\">65<\/td>\n<td width=\"56\"><\/td>\n<td width=\"56\"><\/td>\n<td width=\"56\">37\u00b0 30\u2033<\/td>\n<td width=\"55\">32\u00b0C<\/td>\n<td width=\"56\">41<\/td>\n<\/tr>\n<tr>\n<td width=\"56\">80<\/td>\n<td width=\"56\">380<\/td>\n<td width=\"56\">430<\/td>\n<td width=\"56\">95<\/td>\n<td width=\"56\">76<\/td>\n<td width=\"56\"><\/td>\n<td width=\"56\"><\/td>\n<td width=\"56\">37\u00b0 30\u2032<\/td>\n<td width=\"55\">36C<\/td>\n<td width=\"56\">52<\/td>\n<\/tr>\n<tr>\n<td width=\"56\">100<\/td>\n<td width=\"56\">430<\/td>\n<td width=\"56\">470<\/td>\n<td width=\"56\">117<\/td>\n<td width=\"56\">98<\/td>\n<td width=\"56\"><\/td>\n<td width=\"56\"><\/td>\n<td width=\"56\">37\u00b0 30\u2019<\/td>\n<td width=\"55\">40\u00b0C<\/td>\n<td width=\"56\">68<\/td>\n<\/tr>\n<tr>\n<td width=\"56\">125<\/td>\n<td width=\"56\">500<\/td>\n<td width=\"56\">500<\/td>\n<td width=\"56\">143<\/td>\n<td width=\"56\">123<\/td>\n<td width=\"56\"><\/td>\n<td width=\"56\"><\/td>\n<td width=\"56\">37\u00b0 30\u2032<\/td>\n<td width=\"55\">40\u00b0C<\/td>\n<td width=\"56\">77<\/td>\n<\/tr>\n<tr>\n<td width=\"56\">150<\/td>\n<td width=\"56\">550<\/td>\n<td width=\"56\">533<\/td>\n<td width=\"56\">167<\/td>\n<td width=\"56\">148<\/td>\n<td width=\"56\"><\/td>\n<td width=\"56\"><\/td>\n<td width=\"56\">37\u00b0 30\u2032<\/td>\n<td width=\"55\">50C<\/td>\n<td width=\"56\">89<\/td>\n<\/tr>\n<tr>\n<td colspan=\"10\" width=\"560\">DKJ61-100<\/td>\n<\/tr>\n<tr>\n<td width=\"56\">10<\/td>\n<td width=\"56\">130<\/td>\n<td width=\"56\">245<\/td>\n<td width=\"56\">36<\/td>\n<td width=\"56\">10<\/td>\n<td width=\"56\">18.4<\/td>\n<td width=\"56\">10<\/td>\n<td width=\"56\">37\u00b0 30\u2032<\/td>\n<td width=\"55\">12C<\/td>\n<td width=\"56\">7<\/td>\n<\/tr>\n<tr>\n<td width=\"56\">15<\/td>\n<td width=\"56\">130<\/td>\n<td width=\"56\">245<\/td>\n<td width=\"56\">36<\/td>\n<td width=\"56\">14<\/td>\n<td width=\"56\">22.5<\/td>\n<td width=\"56\">10<\/td>\n<td width=\"56\">37\u00b0 30\u2032<\/td>\n<td width=\"55\">12C<\/td>\n<td width=\"56\">7.6<\/td>\n<\/tr>\n<tr>\n<td width=\"56\">20<\/td>\n<td width=\"56\">150<\/td>\n<td width=\"56\">265<\/td>\n<td width=\"56\">44<\/td>\n<td width=\"56\">20<\/td>\n<td width=\"56\">28.5<\/td>\n<td width=\"56\">11<\/td>\n<td width=\"56\">37\u00b0 3CT<\/td>\n<td width=\"55\">16\u00b0C<\/td>\n<td width=\"56\">8.7<\/td>\n<\/tr>\n<tr>\n<td width=\"56\">25<\/td>\n<td width=\"56\">160<\/td>\n<td width=\"56\">270<\/td>\n<td width=\"56\">48<\/td>\n<td width=\"56\">25<\/td>\n<td width=\"56\">34.5<\/td>\n<td width=\"56\">12<\/td>\n<td width=\"56\">37\u00b0 30\u2032<\/td>\n<td width=\"55\">20\u00b0C<\/td>\n<td width=\"56\">10.5<\/td>\n<\/tr>\n<tr>\n<td width=\"56\">32<\/td>\n<td width=\"56\">180<\/td>\n<td width=\"56\">285<\/td>\n<td width=\"56\">48<\/td>\n<td width=\"56\">32<\/td>\n<td width=\"56\"><\/td>\n<td width=\"56\"><\/td>\n<td width=\"56\">37\u00b0 30\u2032<\/td>\n<td width=\"55\">20\u00b0C<\/td>\n<td width=\"56\">16<\/td>\n<\/tr>\n<tr>\n<td width=\"56\">40<\/td>\n<td width=\"56\">260<\/td>\n<td width=\"56\">320<\/td>\n<td width=\"56\">55<\/td>\n<td width=\"56\">38<\/td>\n<td width=\"56\"><\/td>\n<td width=\"56\"><\/td>\n<td width=\"56\">37\u00b0 30\u2032<\/td>\n<td width=\"55\">24\u00b0C<\/td>\n<td width=\"56\">22<\/td>\n<\/tr>\n<tr>\n<td width=\"56\">50<\/td>\n<td width=\"56\">300<\/td>\n<td width=\"56\">355<\/td>\n<td width=\"56\">64<\/td>\n<td width=\"56\">48<\/td>\n<td width=\"56\"><\/td>\n<td width=\"56\"><\/td>\n<td width=\"56\">37\u00b0 30\u2032<\/td>\n<td width=\"55\">32\u00b0C<\/td>\n<td width=\"56\">33<\/td>\n<\/tr>\n<tr>\n<td width=\"56\">65<\/td>\n<td width=\"56\">340<\/td>\n<td width=\"56\">410<\/td>\n<td width=\"56\">82<\/td>\n<td width=\"56\">63<\/td>\n<td width=\"56\"><\/td>\n<td width=\"56\"><\/td>\n<td width=\"56\">37\u00b0 30\u2019<\/td>\n<td width=\"55\">32\u00b0C<\/td>\n<td width=\"56\">47<\/td>\n<\/tr>\n<tr>\n<td width=\"56\">80<\/td>\n<td width=\"56\">380<\/td>\n<td width=\"56\">430<\/td>\n<td width=\"56\">95<\/td>\n<td width=\"56\">74<\/td>\n<td width=\"56\"><\/td>\n<td width=\"56\"><\/td>\n<td width=\"56\">37\u00b0 30*<\/td>\n<td width=\"55\">36C<\/td>\n<td width=\"56\">61<\/td>\n<\/tr>\n<tr>\n<td width=\"56\">100<\/td>\n<td width=\"56\">430<\/td>\n<td width=\"56\">470<\/td>\n<td width=\"56\">117<\/td>\n<td width=\"56\">97<\/td>\n<td width=\"56\"><\/td>\n<td width=\"56\"><\/td>\n<td width=\"56\">37\u00b0 30\u2032<\/td>\n<td width=\"55\">40\u00b0C<\/td>\n<td width=\"56\">73<\/td>\n<\/tr>\n<tr>\n<td width=\"56\">125<\/td>\n<td width=\"56\">500<\/td>\n<td width=\"56\">500<\/td>\n<td width=\"56\">143<\/td>\n<td width=\"56\">123<\/td>\n<td width=\"56\"><\/td>\n<td width=\"56\"><\/td>\n<td width=\"56\">37\u00b0 30*<\/td>\n<td width=\"55\">40\u00b0C<\/td>\n<td width=\"56\">79<\/td>\n<\/tr>\n<tr>\n<td width=\"56\">150<\/td>\n<td width=\"56\">550<\/td>\n<td width=\"56\">533<\/td>\n<td width=\"56\">167<\/td>\n<td width=\"56\">148<\/td>\n<td width=\"56\"><\/td>\n<td width=\"56\"><\/td>\n<td width=\"56\">37\u00b0 30\u2032<\/td>\n<td width=\"55\">50C<\/td>\n<td width=\"56\">94<\/td>\n<\/tr>\n<\/tbody>\n<\/table>\n<p>&nbsp;<\/p>\n<\/div>\n<\/div>\n<\/div>","protected":false},"excerpt":{"rendered":"<p>Esta v\u00e1lvula \u00e9 adequada para temperaturas de trabalho inferiores a 400\u00b0C e inferiores a 550\u00b0C. Meio de trabalho para tubula\u00e7\u00f5es de \u00e1gua, vapor e \u00f3leo, como dispositivo de abertura e fechamento, especialmente para usinas termel\u00e9tricas, medicina, papel e outros sistemas de condensa\u00e7\u00e3o de turbinas a vapor e sistemas de v\u00e1cuo e press\u00e3o negativa, para desempenhar um efeito de isolamento e veda\u00e7\u00e3o a v\u00e1cuo.<\/p>","protected":false},"featured_media":5578,"comment_status":"open","ping_status":"closed","template":"","meta":{"site-sidebar-layout":"default","site-content-layout":"default","ast-site-content-layout":"default","site-content-style":"default","site-sidebar-style":"default","ast-global-header-display":"","ast-banner-title-visibility":"","ast-main-header-display":"","ast-hfb-above-header-display":"","ast-hfb-below-header-display":"","ast-hfb-mobile-header-display":"","site-post-title":"","ast-breadcrumbs-content":"","ast-featured-img":"","footer-sml-layout":"","ast-disable-related-posts":"","theme-transparent-header-meta":"default","adv-header-id-meta":"","stick-header-meta":"default","header-above-stick-meta":"","header-main-stick-meta":"","header-below-stick-meta":"","astra-migrate-meta-layouts":"default","ast-page-background-enabled":"default","ast-page-background-meta":{"desktop":{"background-color":"","background-image":"","background-repeat":"repeat","background-position":"center center","background-size":"auto","background-attachment":"scroll","background-type":"","background-media":"","overlay-type":"","overlay-color":"","overlay-opacity":"","overlay-gradient":""},"tablet":{"background-color":"","background-image":"","background-repeat":"repeat","background-position":"center center","background-size":"auto","background-attachment":"scroll","background-type":"","background-media":"","overlay-type":"","overlay-color":"","overlay-opacity":"","overlay-gradient":""},"mobile":{"background-color":"","background-image":"","background-repeat":"repeat","background-position":"center center","background-size":"auto","background-attachment":"scroll","background-type":"","background-media":"","overlay-type":"","overlay-color":"","overlay-opacity":"","overlay-gradient":""}},"ast-content-background-meta":{"desktop":{"background-color":"var(--ast-global-color-5)","background-image":"","background-repeat":"repeat","background-position":"center center","background-size":"auto","background-attachment":"scroll","background-type":"","background-media":"","overlay-type":"","overlay-color":"","overlay-opacity":"","overlay-gradient":""},"tablet":{"background-color":"var(--ast-global-color-5)","background-image":"","background-repeat":"repeat","background-position":"center center","background-size":"auto","background-attachment":"scroll","background-type":"","background-media":"","overlay-type":"","overlay-color":"","overlay-opacity":"","overlay-gradient":""},"mobile":{"background-color":"var(--ast-global-color-5)","background-image":"","background-repeat":"repeat","background-position":"center center","background-size":"auto","background-attachment":"scroll","background-type":"","background-media":"","overlay-type":"","overlay-color":"","overlay-opacity":"","overlay-gradient":""}}},"product_brand":[],"product_cat":[174],"product_tag":[322,318,319,323],"class_list":{"0":"post-4867","1":"product","2":"type-product","3":"status-publish","4":"has-post-thumbnail","6":"product_cat-globe-valves","7":"product_tag-electric-power","8":"product_tag-oil","9":"product_tag-petrochemical","10":"product_tag-water-resources","11":"desktop-align-left","12":"tablet-align-left","13":"mobile-align-left","14":"ast-product-gallery-layout-horizontal-slider","15":"ast-product-gallery-with-no-image","16":"ast-product-tabs-layout-horizontal","17":"ast-qv-on-image","19":"first","20":"instock","21":"shipping-taxable","22":"product-type-simple"},"_links":{"self":[{"href":"https:\/\/raymonvalve.com\/pt\/wp-json\/wp\/v2\/product\/4867","targetHints":{"allow":["GET"]}}],"collection":[{"href":"https:\/\/raymonvalve.com\/pt\/wp-json\/wp\/v2\/product"}],"about":[{"href":"https:\/\/raymonvalve.com\/pt\/wp-json\/wp\/v2\/types\/product"}],"replies":[{"embeddable":true,"href":"https:\/\/raymonvalve.com\/pt\/wp-json\/wp\/v2\/comments?post=4867"}],"wp:featuredmedia":[{"embeddable":true,"href":"https:\/\/raymonvalve.com\/pt\/wp-json\/wp\/v2\/media\/5578"}],"wp:attachment":[{"href":"https:\/\/raymonvalve.com\/pt\/wp-json\/wp\/v2\/media?parent=4867"}],"wp:term":[{"taxonomy":"product_brand","embeddable":true,"href":"https:\/\/raymonvalve.com\/pt\/wp-json\/wp\/v2\/product_brand?post=4867"},{"taxonomy":"product_cat","embeddable":true,"href":"https:\/\/raymonvalve.com\/pt\/wp-json\/wp\/v2\/product_cat?post=4867"},{"taxonomy":"product_tag","embeddable":true,"href":"https:\/\/raymonvalve.com\/pt\/wp-json\/wp\/v2\/product_tag?post=4867"}],"curies":[{"name":"wp","href":"https:\/\/api.w.org\/{rel}","templated":true}]}}