{"id":4869,"date":"2022-09-05T15:15:12","date_gmt":"2022-09-05T07:15:12","guid":{"rendered":"https:\/\/limegreen-okapi-448594.hostingersite.com\/?post_type=product&#038;p=4869"},"modified":"2022-09-15T14:37:11","modified_gmt":"2022-09-15T06:37:11","slug":"j41b-ammonia-gas-globe-valve","status":"publish","type":"product","link":"https:\/\/raymonvalve.com\/pt\/produto\/j41b-ammonia-gas-globe-valve\/","title":{"rendered":"V\u00e1lvula Globo J41B para G\u00e1s Am\u00f4nia"},"content":{"rendered":"<div class=\"document\">\n<div class=\"document\">\n<div class=\"document\">\n<p>A v\u00e1lvula globo J41B \u00e9 especialmente projetada para tubula\u00e7\u00f5es ou equipamentos de am\u00f4nia e g\u00e1s. A estrutura atende aos requisitos de prote\u00e7\u00e3o contra inc\u00eandio. A gaxeta \u00e9 feita de politetrafluoretileno, que oferece veda\u00e7\u00e3o confi\u00e1vel e estanqueidade. O material de veda\u00e7\u00e3o \u00e9 feito de politetrafluoretileno, que \u00e9 macio e confi\u00e1vel. \u00c9 adequada para sistemas de tubula\u00e7\u00e3o de g\u00e1s am\u00f4nia, g\u00e1s liquefeito de petr\u00f3leo e g\u00e1s fl\u00faor. Como dispositivo de abertura e fechamento, tamb\u00e9m \u00e9 adequada para outras tubula\u00e7\u00f5es com temperatura \u2264150\u2103. A v\u00e1lvula de bloqueio para am\u00f4nia possui caracter\u00edsticas de desempenho de veda\u00e7\u00e3o est\u00e1vel, uso seguro e confi\u00e1vel, forte resist\u00eancia \u00e0 corros\u00e3o, sem vazamento interno e externo do meio e f\u00e1cil opera\u00e7\u00e3o. O problema de desempenho ruim e f\u00e1cil vazamento \u00e9 especialmente adequado para a transmiss\u00e3o de g\u00e1s am\u00f4nia e tubula\u00e7\u00f5es de g\u00e1s na ind\u00fastria qu\u00edmica, atendendo aos requisitos de uso confi\u00e1vel a longo prazo. Sua veda\u00e7\u00e3o, manutenibilidade, seguran\u00e7a, etc.<\/p>\n<p>&nbsp;<\/p>\n<p>Caracter\u00edsticas:<br \/>\n1. Considerando as defici\u00eancias de baixa resist\u00eancia \u00e0 corros\u00e3o e f\u00e1cil perfura\u00e7\u00e3o da carca\u00e7a de v\u00e1lvulas comuns, de acordo com as caracter\u00edsticas espec\u00edficas do meio, a v\u00e1lvula especial para g\u00e1s am\u00f4nia utiliza a\u00e7o resistente \u00e0 corros\u00e3o (a\u00e7o carbono de baixa temperatura com elementos de liga resistentes \u00e0 corros\u00e3o) como material do corpo da v\u00e1lvula, que \u00e9 resistente \u00e0 corros\u00e3o por g\u00e1s am\u00f4nia e am\u00f4nia l\u00edquida. A baixa temperatura pode chegar a -40 \u2103, garantindo as condi\u00e7\u00f5es m\u00e1ximas de trabalho e os requisitos de uso.<br \/>\n2. O tipo de estrutura acoplada do par de veda\u00e7\u00e3o da v\u00e1lvula globo para am\u00f4nia \u00e9 esfera e plano, a veda\u00e7\u00e3o \u00e9 auto-compensada, o efeito de dupla seguran\u00e7a, o desempenho de veda\u00e7\u00e3o \u00e9 est\u00e1vel e n\u00e3o h\u00e1 desgaste adesivo, o que resolve efetivamente o problema de desempenho de veda\u00e7\u00e3o ruim e f\u00e1cil vazamento de v\u00e1lvulas comuns para tubula\u00e7\u00f5es qu\u00edmicas.<br \/>\n3. A flange do produto adota uma estrutura de veda\u00e7\u00e3o c\u00f4ncava-convexa, que garante a veda\u00e7\u00e3o confi\u00e1vel da flange intermedi\u00e1ria mesmo quando a press\u00e3o da tubula\u00e7\u00e3o flutua.<br \/>\n4. Material de veda\u00e7\u00e3o de politetrafluoretileno multiest\u00e1gio \u00e9 utilizado no dispositivo de veda\u00e7\u00e3o superior para formar uma veda\u00e7\u00e3o combinada, garantindo que a v\u00e1lvula n\u00e3o apresente vazamento de meio da caixa de gaxetas durante sua vida \u00fatil, eliminando a veda\u00e7\u00e3o fraca da caixa de gaxetas de v\u00e1lvulas comuns, o f\u00e1cil vazamento do meio e at\u00e9 mesmo acidentes potenciais.<\/p>\n<p>&nbsp;<\/p>\n<p>A diferen\u00e7a entre a v\u00e1lvula de bloqueio para am\u00f4nia e a v\u00e1lvula de bloqueio comum:<br \/>\nA superf\u00edcie de veda\u00e7\u00e3o da v\u00e1lvula globo para am\u00f4nia adota tetrafluoretileno importado, que possui bom desempenho de veda\u00e7\u00e3o e longa vida \u00fatil. V\u00e1lvulas de bloqueio de am\u00f4nia frequentemente utilizam am\u00f4nia, nitrog\u00eanio, hidrog\u00eanio, arg\u00f4nio, fl\u00faor e outros gases\/(l\u00edquidos). Esses gases s\u00e3o geralmente armazenados em tanques de armazenamento dedicados. Quando em uso, \u00e9 aberta atrav\u00e9s da v\u00e1lvula de bloqueio de am\u00f4nia e, em seguida, ajustada por outras v\u00e1lvulas de controle, de modo que o g\u00e1s seja introduzido no sistema de uso. A flange da v\u00e1lvula de am\u00f4nia \u00e9 geralmente c\u00f4ncava e convexa. Par\u00e2metros principais de projeto da v\u00e1lvula de bloqueio de am\u00f4nia: Meio aplic\u00e1vel para a v\u00e1lvula de bloqueio de am\u00f4nia: g\u00e1s am\u00f4nia, l\u00edquido am\u00f4nia, etc. Temperatura aplic\u00e1vel: Babbitt -40+150\u2103, tetrafluoreto -40\u2103+200\u2103.<\/p>\n<p>&nbsp;<\/p>\n<p>A diferen\u00e7a entre a v\u00e1lvula de bloqueio para am\u00f4nia e outras v\u00e1lvulas de bloqueio \u00e9:<br \/>\n1. A superf\u00edcie de veda\u00e7\u00e3o \u00e9 feita de PTFE (liga de Babbitt), que possui bom desempenho de veda\u00e7\u00e3o e longa vida \u00fatil.<br \/>\n2. A flange de passagem intermedi\u00e1ria possui uma estrutura c\u00f4ncavo-convexa, e a haste da v\u00e1lvula \u00e9 conectada por uma haste oculta.<br \/>\n3. A superf\u00edcie de veda\u00e7\u00e3o do corpo da v\u00e1lvula adota uma forma esf\u00e9rica convexa, que \u00e9 acoplada ao disco da v\u00e1lvula.<br \/>\n4. Am\u00f4nia n\u00e3o deve ter contato direto com cobre, alum\u00ednio; incluindo pl\u00e1sticos e borrachas.<\/p>\n<\/div>\n<\/div>\n<\/div>","protected":false},"excerpt":{"rendered":"<p>A v\u00e1lvula globo J41B \u00e9 especialmente projetada para tubula\u00e7\u00f5es ou equipamentos de am\u00f4nia e g\u00e1s. A estrutura atende aos requisitos de prote\u00e7\u00e3o contra inc\u00eandio. A gaxeta \u00e9 feita de politetrafluoretileno, que oferece veda\u00e7\u00e3o confi\u00e1vel e estanqueidade. O material de veda\u00e7\u00e3o \u00e9 feito de politetrafluoretileno, que \u00e9 macio e confi\u00e1vel. \u00c9 adequada para sistemas de tubula\u00e7\u00e3o de g\u00e1s am\u00f4nia, g\u00e1s liquefeito de petr\u00f3leo e g\u00e1s fl\u00faor. Como dispositivo de abertura e fechamento, tamb\u00e9m \u00e9 adequada para outras tubula\u00e7\u00f5es com temperatura \u2264150\u2103. A v\u00e1lvula de bloqueio para am\u00f4nia possui caracter\u00edsticas de desempenho de veda\u00e7\u00e3o est\u00e1vel, uso seguro e confi\u00e1vel, forte resist\u00eancia \u00e0 corros\u00e3o, sem vazamento interno e externo do meio e f\u00e1cil opera\u00e7\u00e3o. O problema de desempenho ruim e f\u00e1cil vazamento \u00e9 especialmente adequado para a transmiss\u00e3o de g\u00e1s am\u00f4nia e tubula\u00e7\u00f5es de g\u00e1s na ind\u00fastria qu\u00edmica, atendendo aos requisitos de uso confi\u00e1vel a longo prazo. Sua veda\u00e7\u00e3o, manutenibilidade, seguran\u00e7a, etc.<\/p>","protected":false},"featured_media":5580,"comment_status":"open","ping_status":"closed","template":"","meta":{"site-sidebar-layout":"default","site-content-layout":"default","ast-site-content-layout":"default","site-content-style":"default","site-sidebar-style":"default","ast-global-header-display":"","ast-banner-title-visibility":"","ast-main-header-display":"","ast-hfb-above-header-display":"","ast-hfb-below-header-display":"","ast-hfb-mobile-header-display":"","site-post-title":"","ast-breadcrumbs-content":"","ast-featured-img":"","footer-sml-layout":"","ast-disable-related-posts":"","theme-transparent-header-meta":"default","adv-header-id-meta":"","stick-header-meta":"default","header-above-stick-meta":"","header-main-stick-meta":"","header-below-stick-meta":"","astra-migrate-meta-layouts":"default","ast-page-background-enabled":"default","ast-page-background-meta":{"desktop":{"background-color":"","background-image":"","background-repeat":"repeat","background-position":"center center","background-size":"auto","background-attachment":"scroll","background-type":"","background-media":"","overlay-type":"","overlay-color":"","overlay-opacity":"","overlay-gradient":""},"tablet":{"background-color":"","background-image":"","background-repeat":"repeat","background-position":"center center","background-size":"auto","background-attachment":"scroll","background-type":"","background-media":"","overlay-type":"","overlay-color":"","overlay-opacity":"","overlay-gradient":""},"mobile":{"background-color":"","background-image":"","background-repeat":"repeat","background-position":"center center","background-size":"auto","background-attachment":"scroll","background-type":"","background-media":"","overlay-type":"","overlay-color":"","overlay-opacity":"","overlay-gradient":""}},"ast-content-background-meta":{"desktop":{"background-color":"var(--ast-global-color-5)","background-image":"","background-repeat":"repeat","background-position":"center center","background-size":"auto","background-attachment":"scroll","background-type":"","background-media":"","overlay-type":"","overlay-color":"","overlay-opacity":"","overlay-gradient":""},"tablet":{"background-color":"var(--ast-global-color-5)","background-image":"","background-repeat":"repeat","background-position":"center center","background-size":"auto","background-attachment":"scroll","background-type":"","background-media":"","overlay-type":"","overlay-color":"","overlay-opacity":"","overlay-gradient":""},"mobile":{"background-color":"var(--ast-global-color-5)","background-image":"","background-repeat":"repeat","background-position":"center center","background-size":"auto","background-attachment":"scroll","background-type":"","background-media":"","overlay-type":"","overlay-color":"","overlay-opacity":"","overlay-gradient":""}}},"product_brand":[],"product_cat":[174],"product_tag":[319],"class_list":{"0":"post-4869","1":"product","2":"type-product","3":"status-publish","4":"has-post-thumbnail","6":"product_cat-globe-valves","7":"product_tag-petrochemical","8":"desktop-align-left","9":"tablet-align-left","10":"mobile-align-left","11":"ast-product-gallery-layout-horizontal-slider","12":"ast-product-gallery-with-no-image","13":"ast-product-tabs-layout-horizontal","14":"ast-qv-on-image","16":"first","17":"instock","18":"shipping-taxable","19":"product-type-simple"},"_links":{"self":[{"href":"https:\/\/raymonvalve.com\/pt\/wp-json\/wp\/v2\/product\/4869","targetHints":{"allow":["GET"]}}],"collection":[{"href":"https:\/\/raymonvalve.com\/pt\/wp-json\/wp\/v2\/product"}],"about":[{"href":"https:\/\/raymonvalve.com\/pt\/wp-json\/wp\/v2\/types\/product"}],"replies":[{"embeddable":true,"href":"https:\/\/raymonvalve.com\/pt\/wp-json\/wp\/v2\/comments?post=4869"}],"wp:featuredmedia":[{"embeddable":true,"href":"https:\/\/raymonvalve.com\/pt\/wp-json\/wp\/v2\/media\/5580"}],"wp:attachment":[{"href":"https:\/\/raymonvalve.com\/pt\/wp-json\/wp\/v2\/media?parent=4869"}],"wp:term":[{"taxonomy":"product_brand","embeddable":true,"href":"https:\/\/raymonvalve.com\/pt\/wp-json\/wp\/v2\/product_brand?post=4869"},{"taxonomy":"product_cat","embeddable":true,"href":"https:\/\/raymonvalve.com\/pt\/wp-json\/wp\/v2\/product_cat?post=4869"},{"taxonomy":"product_tag","embeddable":true,"href":"https:\/\/raymonvalve.com\/pt\/wp-json\/wp\/v2\/product_tag?post=4869"}],"curies":[{"name":"wp","href":"https:\/\/api.w.org\/{rel}","templated":true}]}}