{"id":4879,"date":"2022-09-06T10:38:01","date_gmt":"2022-09-06T02:38:01","guid":{"rendered":"https:\/\/limegreen-okapi-448594.hostingersite.com\/?post_type=product&#038;p=4879"},"modified":"2022-10-25T14:00:59","modified_gmt":"2022-10-25T06:00:59","slug":"hydraulic-control-slow-closing-ball-valve","status":"publish","type":"product","link":"https:\/\/raymonvalve.com\/pt\/produto\/hydraulic-control-slow-closing-ball-valve\/","title":{"rendered":"V\u00e1lvula de esfera de fechamento lento com controle hidr\u00e1ulico HBQ747(0)F(H) para usina hidrel\u00e9trica"},"content":{"rendered":"<div class=\"document\">\n<div class=\"document\">\n<div class=\"document\">\n<div class=\"document\">\n<div class=\"document\">\n<div class=\"document\">\n<p>Introdu\u00e7\u00e3o ao produto: V\u00e1lvula de esfera de fechamento lento com controle hidr\u00e1ulico para usina hidrel\u00e9trica<\/p>\n<p>A v\u00e1lvula de esfera de fechamento lento com controle hidr\u00e1ulico \u00e9 o equipamento de controle de tubula\u00e7\u00e3o mais avan\u00e7ado no pa\u00eds e no exterior. \u00c9 instalada principalmente na entrada da turbina da usina hidrel\u00e9trica e usada como v\u00e1lvula de entrada da turbina; fun\u00e7\u00e3o de v\u00e1lvula de reten\u00e7\u00e3o e v\u00e1lvula gaveta. Ao trabalhar, a v\u00e1lvula coopera com a unidade principal da tubula\u00e7\u00e3o, de acordo com o princ\u00edpio do processo de transi\u00e7\u00e3o hidr\u00e1ulica, atrav\u00e9s de procedimentos de abertura e fechamento pr\u00e9-definidos, o golpe de ar\u00edete da tubula\u00e7\u00e3o \u00e9 efetivamente eliminado, o corte confi\u00e1vel da tubula\u00e7\u00e3o \u00e9 realizado e a seguran\u00e7a do sistema de tubula\u00e7\u00e3o \u00e9 protegida.<br \/>\nA v\u00e1lvula de esfera de fechamento lento controlada hidraulicamente produzida por nossa empresa possui um pequeno coeficiente de resist\u00eancia ao fluxo, alto grau de automa\u00e7\u00e3o, fun\u00e7\u00f5es completas e desempenho est\u00e1vel e confi\u00e1vel. Com base na coleta extensiva, pesquisa e resumo do desempenho de produtos similares no pa\u00eds e no exterior, os projetistas de nossa empresa introduziram v\u00e1lvulas, press\u00e3o hidr\u00e1ulica e v\u00e1rios resultados de pesquisa nas ind\u00fastrias el\u00e9trica e outras, acumulando e desenvolvendo uma nova gera\u00e7\u00e3o de produtos inteligentes, de alta efici\u00eancia e economia de energia. A empresa possui forte for\u00e7a t\u00e9cnica e pode projet\u00e1-la independentemente de acordo com os requisitos especiais dos usu\u00e1rios, de modo a atender \u00e0s necessidades dos usu\u00e1rios para este tipo de produto de v\u00e1rias maneiras.<\/p>\n<p>Este produto possui principalmente as seguintes caracter\u00edsticas:<br \/>\n1. Pode substituir as fun\u00e7\u00f5es da v\u00e1lvula gaveta el\u00e9trica e da v\u00e1lvula de reten\u00e7\u00e3o originais na sa\u00edda da bomba, integrando os sistemas mec\u00e2nico, el\u00e9trico e hidr\u00e1ulico em um todo, reduzindo o espa\u00e7o ocupado e o investimento em infraestrutura.<br \/>\n2. A fun\u00e7\u00e3o de controle eletro-hidr\u00e1ulico \u00e9 completa e pode ser usada como um sistema independente para depura\u00e7\u00e3o e controle local sem configura\u00e7\u00e3o adicional; tamb\u00e9m pode ser usada como uma unidade de equipamento do sistema de controle distribu\u00eddo (DCS), que \u00e9 centralizada pelo computador central atrav\u00e9s do canal de E\/S. Pode realizar opera\u00e7\u00e3o interligada com bomba de \u00e1gua, turbina hidr\u00e1ulica, v\u00e1lvula de bypass e outros equipamentos de tubula\u00e7\u00e3o; tamb\u00e9m \u00e9 equipada com fun\u00e7\u00e3o manual, que pode abrir e fechar a v\u00e1lvula manualmente quando n\u00e3o h\u00e1 fonte de alimenta\u00e7\u00e3o, de modo a atender aos requisitos de depura\u00e7\u00e3o e controle da v\u00e1lvula sob condi\u00e7\u00f5es de trabalho especiais.<br \/>\n3. Boa controlabilidade, grande faixa de ajuste e forte adaptabilidade. O sistema de controle eletro-hidr\u00e1ulico possui m\u00faltiplos pontos de ajuste, e os procedimentos de abertura e fechamento podem ser definidos de acordo com diferentes requisitos de controle de tubula\u00e7\u00e3o para garantir que a v\u00e1lvula possa abrir e fechar automaticamente rapidamente de acordo com o tempo e \u00e2ngulo pr\u00e9-definidos quando as condi\u00e7\u00f5es de abertura e fechamento da v\u00e1lvula forem atendidas. , dois est\u00e1gios de fechamento lento. E pode realizar o fechamento da v\u00e1lvula n\u00e3o el\u00e9trica, eliminando efetivamente o golpe de ar\u00edete destrutivo, prevenindo a ocorr\u00eancia de acidentes de runaway de bombas e unidades de turbina hidr\u00e1ulica, reduzindo a flutua\u00e7\u00e3o de press\u00e3o do sistema de rede de tubula\u00e7\u00e3o e garantindo a opera\u00e7\u00e3o segura e confi\u00e1vel do equipamento.<br \/>\n4. A superf\u00edcie de veda\u00e7\u00e3o da v\u00e1lvula principal \u00e9 uma estrutura de veda\u00e7\u00e3o met\u00e1lica triplamente exc\u00eantrica ou uma estrutura de veda\u00e7\u00e3o de borracha duplamente exc\u00eantrica, que \u00e9 f\u00e1cil de abrir e fechar e possui uma veda\u00e7\u00e3o confi\u00e1vel; e h\u00e1 um exc\u00eantrico ampliado adicional, que confere \u00e0 v\u00e1lvula bom desempenho de auto-fechamento e auto-veda\u00e7\u00e3o. As placas de esfera de di\u00e2metro m\u00e9dio e pequeno s\u00e3o projetadas como uma estrutura de placa simplificada, e as placas de esfera de grande di\u00e2metro s\u00e3o projetadas como uma estrutura de treli\u00e7a de placa dupla, com pequeno deslocamento e fluxo de \u00e1gua suave. O coeficiente de resist\u00eancia ao fluxo da v\u00e1lvula \u00e9 de apenas 0,1~0,6, o que \u00e9 muito menor do que o da v\u00e1lvula de reten\u00e7\u00e3o (1,7~2,6), o efeito de economia de energia \u00e9 \u00f3bvio.<\/p>\n<p>&nbsp;<\/p>\n<p>Padr\u00e3o e especifica\u00e7\u00e3o para v\u00e1lvula de esfera de fechamento lento controlada hidraulicamente para usina hidrel\u00e9trica<\/p>\n<div>\n<table border=\"0\" cellspacing=\"1\" cellpadding=\"3\">\n<tbody>\n<tr>\n<td bgcolor=\"#ffffff\">Padr\u00f5es do Produto<\/td>\n<td colspan=\"2\" bgcolor=\"#ffffff\">GB\/T 14478, GB\/T 12238, JB\/T 8527<\/td>\n<\/tr>\n<tr>\n<td bgcolor=\"#ffffff\">Dispositivo de Acionamento<\/td>\n<td colspan=\"2\" bgcolor=\"#ffffff\" data-spm-anchor-id=\"a261y.25179003.137725730131935.i1.2f485d4bRJ3lbZ\">JB\/T 5299<\/td>\n<\/tr>\n<tr>\n<td bgcolor=\"#ffffff\">Comprimento Construtivo<\/td>\n<td colspan=\"2\" bgcolor=\"#ffffff\">GB\/T 12221<\/td>\n<\/tr>\n<tr>\n<td rowspan=\"3\" bgcolor=\"#ffffff\">Flange<\/td>\n<td bgcolor=\"#ffffff\">Flange de Ferro Fundido Cinzento<\/td>\n<td bgcolor=\"#ffffff\">GB\/T 17241.6<\/td>\n<\/tr>\n<tr>\n<td bgcolor=\"#ffffff\">Flange de Ferro Fundido Nodular<\/td>\n<td bgcolor=\"#ffffff\">GB\/T 12380.1~12380.3<\/td>\n<\/tr>\n<tr>\n<td bgcolor=\"#ffffff\">Flange de A\u00e7o<\/td>\n<td bgcolor=\"#ffffff\">GB\/T 9112~9131<\/td>\n<\/tr>\n<tr>\n<td bgcolor=\"#ffffff\">Acumulador<\/td>\n<td colspan=\"2\" bgcolor=\"#ffffff\">GB\/T 2352<\/td>\n<\/tr>\n<tr>\n<td bgcolor=\"#ffffff\">Teste<\/td>\n<td colspan=\"2\" bgcolor=\"#ffffff\">GB\/T 14478, GB\/T 13927<\/td>\n<\/tr>\n<tr>\n<td bgcolor=\"#ffffff\">Garantia de Qualidade<\/td>\n<td colspan=\"2\" bgcolor=\"#ffffff\">ISO9001<\/td>\n<\/tr>\n<\/tbody>\n<\/table>\n<\/div>\n<p>&nbsp;<\/p>\n<p>Observa\u00e7\u00e3o: Outras normas relevantes e normas estrangeiras podem ser utilizadas, e o tamanho da flange pode ser fabricado de acordo com os requisitos do usu\u00e1rio, mas deve ser especificado no contrato de pedido.<\/p>\n<p>&nbsp;<\/p>\n<p>Par\u00e2metros b\u00e1sicos da v\u00e1lvula esfera de fechamento lento controlada hidraulicamente para usina hidrel\u00e9trica<\/p>\n<div>\n<table border=\"0\" cellspacing=\"1\" cellpadding=\"3\">\n<tbody>\n<tr>\n<td colspan=\"2\" bgcolor=\"#ffffff\">Di\u00e2metro Nominal DN\uff08mm\uff09<\/td>\n<td bgcolor=\"#ffffff\">150~2400<\/td>\n<\/tr>\n<tr>\n<td colspan=\"2\" bgcolor=\"#ffffff\">Press\u00e3o Nominal PN\uff08MPa\uff09<\/td>\n<td bgcolor=\"#ffffff\">0.25~4.0<\/td>\n<\/tr>\n<tr>\n<td rowspan=\"2\" bgcolor=\"#ffffff\">Press\u00e3o de Teste<br \/>\nPs\uff08MPa\uff09<\/td>\n<td bgcolor=\"#ffffff\">Veda\u00e7\u00e3o<\/td>\n<td bgcolor=\"#ffffff\">1,1\u00d7PN<\/td>\n<\/tr>\n<tr>\n<td bgcolor=\"#ffffff\">Resist\u00eancia<\/td>\n<td bgcolor=\"#ffffff\">1,5\u00d7PN<\/td>\n<\/tr>\n<tr>\n<td colspan=\"2\" bgcolor=\"#ffffff\">Press\u00e3o de Trabalho (MPa)<\/td>\n<td bgcolor=\"#ffffff\">1,0\u00d7PN<\/td>\n<\/tr>\n<tr>\n<td colspan=\"2\" bgcolor=\"#ffffff\">Temperatura de Aplica\u00e7\u00e3o (\u2103)<\/td>\n<td bgcolor=\"#ffffff\">\u226480<\/td>\n<\/tr>\n<tr>\n<td colspan=\"2\" bgcolor=\"#ffffff\">Fluido de Aplica\u00e7\u00e3o<\/td>\n<td bgcolor=\"#ffffff\">\u00c1gua, \u00c1gua do Mar, \u00c1gua com Gesso e Areia, \u00d3leo<\/td>\n<\/tr>\n<\/tbody>\n<\/table>\n<\/div>\n<p>Observa\u00e7\u00e3o: 1. 1Mpa=10,2\u338ff\/c\u33a1 2. Ao ser utilizada em usinas hidrel\u00e9tricas, a press\u00e3o de teste de veda\u00e7\u00e3o pode ser calculada de acordo com a maior carga hidr\u00e1ulica da usina.<\/p>\n<p>&nbsp;<\/p>\n<p>Par\u00e2metros especiais da v\u00e1lvula esfera de fechamento lento controlada hidraulicamente para usina hidrel\u00e9trica<\/p>\n<div>\n<table border=\"0\" cellspacing=\"1\" cellpadding=\"3\">\n<tbody>\n<tr>\n<td bgcolor=\"#ffffff\">Item<\/td>\n<td colspan=\"2\" bgcolor=\"#ffffff\">Faixa de Ajuste<\/td>\n<td bgcolor=\"#ffffff\">Par\u00e2metros de sa\u00edda de f\u00e1brica<\/td>\n<\/tr>\n<tr>\n<td bgcolor=\"#ffffff\">Tempo de abertura (Ajust\u00e1vel)<\/td>\n<td colspan=\"2\" bgcolor=\"#ffffff\">15~60 segundos<\/td>\n<td bgcolor=\"#ffffff\">30<\/td>\n<\/tr>\n<tr>\n<td rowspan=\"2\" bgcolor=\"#ffffff\">Tempo de fechamento (Ajust\u00e1vel)<\/td>\n<td bgcolor=\"#ffffff\">Fechamento r\u00e1pido<\/td>\n<td bgcolor=\"#ffffff\">5~25<\/td>\n<td bgcolor=\"#ffffff\">8<\/td>\n<\/tr>\n<tr>\n<td bgcolor=\"#ffffff\">Fechamento lento<\/td>\n<td bgcolor=\"#ffffff\">8~60<\/td>\n<td bgcolor=\"#ffffff\">20<\/td>\n<\/tr>\n<tr>\n<td rowspan=\"2\" bgcolor=\"#ffffff\">\u00c2ngulo de fechamento (Ajust\u00e1vel)<\/td>\n<td bgcolor=\"#ffffff\">Fechamento r\u00e1pido<\/td>\n<td bgcolor=\"#ffffff\">70\u00b110\u00b0<\/td>\n<td bgcolor=\"#ffffff\">70<\/td>\n<\/tr>\n<tr>\n<td bgcolor=\"#ffffff\">Fechamento lento<\/td>\n<td bgcolor=\"#ffffff\">20\u00b110\u00b0<\/td>\n<td bgcolor=\"#ffffff\">20<\/td>\n<\/tr>\n<tr>\n<td bgcolor=\"#ffffff\">Coeficiente m\u00ednimo de resist\u00eancia ao fluxo<\/td>\n<td colspan=\"3\" bgcolor=\"#ffffff\">0.1<\/td>\n<\/tr>\n<\/tbody>\n<\/table>\n<\/div>\n<p>&nbsp;<\/p>\n<p>Sele\u00e7\u00e3o de material para as partes principais da v\u00e1lvula esfera de fechamento lento controlada hidraulicamente tipo usina hidrel\u00e9trica<\/p>\n<div>\n<table border=\"0\" cellspacing=\"1\" cellpadding=\"3\">\n<tbody>\n<tr>\n<td bgcolor=\"#ffffff\">Nome<\/td>\n<td bgcolor=\"#ffffff\">Material<\/td>\n<\/tr>\n<tr>\n<td bgcolor=\"#ffffff\">Corpo<\/td>\n<td bgcolor=\"#ffffff\">Ferro Fundido Cinzento, Ferro Fundido Nodular, A\u00e7o Carbono<\/td>\n<\/tr>\n<tr>\n<td bgcolor=\"#ffffff\">Disco<\/td>\n<td bgcolor=\"#ffffff\">Ferro Fundido Cinzento, Ferro Fundido Nodular, A\u00e7o Carbono<\/td>\n<\/tr>\n<tr>\n<td bgcolor=\"#ffffff\">Eixo<\/td>\n<td bgcolor=\"#ffffff\">A\u00e7o Inoxid\u00e1vel, A\u00e7o Carbono<\/td>\n<\/tr>\n<tr>\n<td bgcolor=\"#ffffff\">Anel de Veda\u00e7\u00e3o do Corpo<\/td>\n<td bgcolor=\"#ffffff\">Liga de Cobre, A\u00e7o Inoxid\u00e1vel<\/td>\n<\/tr>\n<tr>\n<td bgcolor=\"#ffffff\">Anel de Veda\u00e7\u00e3o do Disco<\/td>\n<td bgcolor=\"#ffffff\">NBR de Alta Qualidade, Grafite Macio\/A\u00e7o Inoxid\u00e1vel<\/td>\n<\/tr>\n<tr>\n<td bgcolor=\"#ffffff\">Eixo de Transmiss\u00e3o<\/td>\n<td bgcolor=\"#ffffff\">Liga de Cobre<\/td>\n<\/tr>\n<tr>\n<td bgcolor=\"#ffffff\">Gaxeta<\/td>\n<td bgcolor=\"#ffffff\">Anel de Veda\u00e7\u00e3o em V, Grafite Macio<\/td>\n<\/tr>\n<tr>\n<td bgcolor=\"#ffffff\">Parede<\/td>\n<td bgcolor=\"#ffffff\">A\u00e7o Carbono<\/td>\n<\/tr>\n<\/tbody>\n<\/table>\n<\/div>\n<p>&nbsp;<\/p>\n<p>&nbsp;<\/p>\n<\/div>\n<\/div>\n<\/div>\n<\/div>\n<\/div>\n<\/div>","protected":false},"excerpt":{"rendered":"<p>A v\u00e1lvula de esfera de fechamento lento com controle hidr\u00e1ulico \u00e9 o equipamento de controle de tubula\u00e7\u00e3o mais avan\u00e7ado no pa\u00eds e no exterior. \u00c9 instalada principalmente na entrada da turbina da usina hidrel\u00e9trica e usada como v\u00e1lvula de entrada da turbina; fun\u00e7\u00e3o de v\u00e1lvula de reten\u00e7\u00e3o e v\u00e1lvula gaveta. Ao trabalhar, a v\u00e1lvula coopera com a unidade principal da tubula\u00e7\u00e3o, de acordo com o princ\u00edpio do processo de transi\u00e7\u00e3o hidr\u00e1ulica, atrav\u00e9s de procedimentos de abertura e fechamento pr\u00e9-definidos, o golpe de ar\u00edete da tubula\u00e7\u00e3o \u00e9 efetivamente eliminado, o corte confi\u00e1vel da tubula\u00e7\u00e3o \u00e9 realizado e a seguran\u00e7a do sistema de tubula\u00e7\u00e3o \u00e9 protegida.<\/p>","protected":false},"featured_media":5613,"comment_status":"open","ping_status":"closed","template":"","meta":{"site-sidebar-layout":"default","site-content-layout":"default","ast-site-content-layout":"default","site-content-style":"default","site-sidebar-style":"default","ast-global-header-display":"","ast-banner-title-visibility":"","ast-main-header-display":"","ast-hfb-above-header-display":"","ast-hfb-below-header-display":"","ast-hfb-mobile-header-display":"","site-post-title":"","ast-breadcrumbs-content":"","ast-featured-img":"","footer-sml-layout":"","ast-disable-related-posts":"","theme-transparent-header-meta":"default","adv-header-id-meta":"","stick-header-meta":"default","header-above-stick-meta":"","header-main-stick-meta":"","header-below-stick-meta":"","astra-migrate-meta-layouts":"default","ast-page-background-enabled":"default","ast-page-background-meta":{"desktop":{"background-color":"","background-image":"","background-repeat":"repeat","background-position":"center center","background-size":"auto","background-attachment":"scroll","background-type":"","background-media":"","overlay-type":"","overlay-color":"","overlay-opacity":"","overlay-gradient":""},"tablet":{"background-color":"","background-image":"","background-repeat":"repeat","background-position":"center center","background-size":"auto","background-attachment":"scroll","background-type":"","background-media":"","overlay-type":"","overlay-color":"","overlay-opacity":"","overlay-gradient":""},"mobile":{"background-color":"","background-image":"","background-repeat":"repeat","background-position":"center center","background-size":"auto","background-attachment":"scroll","background-type":"","background-media":"","overlay-type":"","overlay-color":"","overlay-opacity":"","overlay-gradient":""}},"ast-content-background-meta":{"desktop":{"background-color":"var(--ast-global-color-5)","background-image":"","background-repeat":"repeat","background-position":"center center","background-size":"auto","background-attachment":"scroll","background-type":"","background-media":"","overlay-type":"","overlay-color":"","overlay-opacity":"","overlay-gradient":""},"tablet":{"background-color":"var(--ast-global-color-5)","background-image":"","background-repeat":"repeat","background-position":"center center","background-size":"auto","background-attachment":"scroll","background-type":"","background-media":"","overlay-type":"","overlay-color":"","overlay-opacity":"","overlay-gradient":""},"mobile":{"background-color":"var(--ast-global-color-5)","background-image":"","background-repeat":"repeat","background-position":"center center","background-size":"auto","background-attachment":"scroll","background-type":"","background-media":"","overlay-type":"","overlay-color":"","overlay-opacity":"","overlay-gradient":""}}},"product_brand":[],"product_cat":[18],"product_tag":[],"class_list":{"0":"post-4879","1":"product","2":"type-product","3":"status-publish","4":"has-post-thumbnail","6":"product_cat-ball-valves","7":"desktop-align-left","8":"tablet-align-left","9":"mobile-align-left","10":"ast-product-gallery-layout-horizontal-slider","11":"ast-product-gallery-with-no-image","12":"ast-product-tabs-layout-horizontal","13":"ast-qv-on-image","15":"first","16":"instock","17":"shipping-taxable","18":"product-type-simple"},"_links":{"self":[{"href":"https:\/\/raymonvalve.com\/pt\/wp-json\/wp\/v2\/product\/4879","targetHints":{"allow":["GET"]}}],"collection":[{"href":"https:\/\/raymonvalve.com\/pt\/wp-json\/wp\/v2\/product"}],"about":[{"href":"https:\/\/raymonvalve.com\/pt\/wp-json\/wp\/v2\/types\/product"}],"replies":[{"embeddable":true,"href":"https:\/\/raymonvalve.com\/pt\/wp-json\/wp\/v2\/comments?post=4879"}],"wp:featuredmedia":[{"embeddable":true,"href":"https:\/\/raymonvalve.com\/pt\/wp-json\/wp\/v2\/media\/5613"}],"wp:attachment":[{"href":"https:\/\/raymonvalve.com\/pt\/wp-json\/wp\/v2\/media?parent=4879"}],"wp:term":[{"taxonomy":"product_brand","embeddable":true,"href":"https:\/\/raymonvalve.com\/pt\/wp-json\/wp\/v2\/product_brand?post=4879"},{"taxonomy":"product_cat","embeddable":true,"href":"https:\/\/raymonvalve.com\/pt\/wp-json\/wp\/v2\/product_cat?post=4879"},{"taxonomy":"product_tag","embeddable":true,"href":"https:\/\/raymonvalve.com\/pt\/wp-json\/wp\/v2\/product_tag?post=4879"}],"curies":[{"name":"wp","href":"https:\/\/api.w.org\/{rel}","templated":true}]}}